{"id":14970,"date":"2020-12-06T15:52:04","date_gmt":"2020-12-06T15:52:04","guid":{"rendered":"https:\/\/ebay.luba.de\/index.php\/product\/zassenhaus-gewurzmuhle-frankfurt-24-cm-buche\/"},"modified":"2022-11-28T14:09:11","modified_gmt":"2022-11-28T14:09:11","slug":"zassenhaus-gewurzmuhle-frankfurt-24-cm-buche","status":"publish","type":"product","link":"https:\/\/ebay.luba.de\/index.php\/product\/zassenhaus-gewurzmuhle-frankfurt-24-cm-buche\/","title":{"rendered":"Zassenhaus Gew\u00fcrzm\u00fchle Frankfurt 24 cm Buche"},"content":{"rendered":"<p>Pfeffer- und Salzm\u00fchle aus Buchenholz mit Keramikmahlwerk. Das original Zassenhaus-Mahlwerk aus deutscher Hochleistungs-Keramik bietet dank des patentierten Mahlwerkaufbaus viele Vorteile: &#8211; es ist h\u00e4rter als Stahl und absolut verschlei\u00df- und korrosionsfrei &#8211; es ist 6-fach einstellbar, von pulverfein (1) bis grob gem\u00f6rsert (6) &#8211; der Mahlgrad bleibt auch beim Nachf\u00fcllen exakt erhalten und ist jederzeit auf der Skala ablesbar.<\/p>\n<p>Ma\u00dfe H: ca. 24 cm, \u00d8 6 cm.<\/p>\n<p>25 Jahre Garantie auf das Pr\u00e4zisionsmahlwerk.<\/p>\n","protected":false},"excerpt":{"rendered":"<p>Pfeffer- und Salzm\u00fchle aus Buchenholz mit Keramikmahlwerk. Das original Zassenhaus-Mahlwerk aus deutscher Hochleistungs-Keramik bietet dank des patentierten Mahlwerkaufbaus viele Vorteile: &#8211; es ist h\u00e4rter als Stahl und absolut verschlei\u00df- und korrosionsfrei &#8211; es ist 6-fach einstellbar, von pulverfein (1) bis grob gem\u00f6rsert (6) &#8211; der Mahlgrad bleibt auch beim Nachf\u00fcllen exakt erhalten und ist jederzeit [&hellip;]<\/p>\n","protected":false},"featured_media":15962,"comment_status":"closed","ping_status":"open","template":"","meta":[],"product_brand":[],"product_cat":[199],"product_tag":[],"class_list":{"0":"post-14970","1":"product","2":"type-product","3":"status-publish","4":"has-post-thumbnail","6":"product_cat-kuchenhelfer","8":"first","9":"instock","10":"taxable","11":"shipping-taxable","12":"purchasable","13":"product-type-simple"},"_links":{"self":[{"href":"https:\/\/ebay.luba.de\/index.php\/wp-json\/wp\/v2\/product\/14970","targetHints":{"allow":["GET"]}}],"collection":[{"href":"https:\/\/ebay.luba.de\/index.php\/wp-json\/wp\/v2\/product"}],"about":[{"href":"https:\/\/ebay.luba.de\/index.php\/wp-json\/wp\/v2\/types\/product"}],"replies":[{"embeddable":true,"href":"https:\/\/ebay.luba.de\/index.php\/wp-json\/wp\/v2\/comments?post=14970"}],"wp:featuredmedia":[{"embeddable":true,"href":"https:\/\/ebay.luba.de\/index.php\/wp-json\/wp\/v2\/media\/15962"}],"wp:attachment":[{"href":"https:\/\/ebay.luba.de\/index.php\/wp-json\/wp\/v2\/media?parent=14970"}],"wp:term":[{"taxonomy":"product_brand","embeddable":true,"href":"https:\/\/ebay.luba.de\/index.php\/wp-json\/wp\/v2\/product_brand?post=14970"},{"taxonomy":"product_cat","embeddable":true,"href":"https:\/\/ebay.luba.de\/index.php\/wp-json\/wp\/v2\/product_cat?post=14970"},{"taxonomy":"product_tag","embeddable":true,"href":"https:\/\/ebay.luba.de\/index.php\/wp-json\/wp\/v2\/product_tag?post=14970"}],"curies":[{"name":"wp","href":"https:\/\/api.w.org\/{rel}","templated":true}]}}