{"id":14963,"date":"2020-12-06T15:51:50","date_gmt":"2020-12-06T15:51:50","guid":{"rendered":"https:\/\/ebay.luba.de\/index.php\/product\/auffangbehalter-rechteckig-buchenholz-fur-duo\/"},"modified":"2023-03-03T10:51:03","modified_gmt":"2023-03-03T10:51:03","slug":"auffangbehalter-rechteckig-buchenholz-fur-duo","status":"publish","type":"product","link":"https:\/\/ebay.luba.de\/index.php\/product\/auffangbehalter-rechteckig-buchenholz-fur-duo\/","title":{"rendered":"Auffangbeh\u00e4lter rechteckig Buchenholz f\u00fcr Duo"},"content":{"rendered":"<p>Der Holzauffangbeh\u00e4lter ist passend f\u00fcr die Duo Kombim\u00fchle mit Mahl- und Flockwerk und passt genau unter den Flockauslauf. Material: naturbelassenes Buchenholz. Ma\u00dfe ca. H\/B\/T: 6,5\/7,5\/14cm.<\/p>\n","protected":false},"excerpt":{"rendered":"<p>Der Holzauffangbeh\u00e4lter ist passend f\u00fcr die Duo Kombim\u00fchle mit Mahl- und Flockwerk und passt genau unter den Flockauslauf. Material: naturbelassenes Buchenholz. Ma\u00dfe ca. H\/B\/T: 6,5\/7,5\/14cm.<\/p>\n","protected":false},"featured_media":15955,"comment_status":"closed","ping_status":"open","template":"","meta":[],"product_brand":[],"product_cat":[199,233],"product_tag":[],"class_list":{"0":"post-14963","1":"product","2":"type-product","3":"status-publish","4":"has-post-thumbnail","6":"product_cat-kuchenhelfer","7":"product_cat-schussel","9":"first","10":"instock","11":"taxable","12":"shipping-taxable","13":"purchasable","14":"product-type-simple"},"_links":{"self":[{"href":"https:\/\/ebay.luba.de\/index.php\/wp-json\/wp\/v2\/product\/14963","targetHints":{"allow":["GET"]}}],"collection":[{"href":"https:\/\/ebay.luba.de\/index.php\/wp-json\/wp\/v2\/product"}],"about":[{"href":"https:\/\/ebay.luba.de\/index.php\/wp-json\/wp\/v2\/types\/product"}],"replies":[{"embeddable":true,"href":"https:\/\/ebay.luba.de\/index.php\/wp-json\/wp\/v2\/comments?post=14963"}],"wp:featuredmedia":[{"embeddable":true,"href":"https:\/\/ebay.luba.de\/index.php\/wp-json\/wp\/v2\/media\/15955"}],"wp:attachment":[{"href":"https:\/\/ebay.luba.de\/index.php\/wp-json\/wp\/v2\/media?parent=14963"}],"wp:term":[{"taxonomy":"product_brand","embeddable":true,"href":"https:\/\/ebay.luba.de\/index.php\/wp-json\/wp\/v2\/product_brand?post=14963"},{"taxonomy":"product_cat","embeddable":true,"href":"https:\/\/ebay.luba.de\/index.php\/wp-json\/wp\/v2\/product_cat?post=14963"},{"taxonomy":"product_tag","embeddable":true,"href":"https:\/\/ebay.luba.de\/index.php\/wp-json\/wp\/v2\/product_tag?post=14963"}],"curies":[{"name":"wp","href":"https:\/\/api.w.org\/{rel}","templated":true}]}}