{"id":14961,"date":"2020-12-06T15:51:50","date_gmt":"2020-12-06T15:51:50","guid":{"rendered":"https:\/\/ebay.luba.de\/index.php\/product\/zusatztrommeln-fur-rohkostvorsatz-ankarsrum\/"},"modified":"2021-02-12T22:52:01","modified_gmt":"2021-02-12T22:52:01","slug":"zusatztrommeln-fur-rohkostvorsatz-ankarsrum","status":"publish","type":"product","link":"https:\/\/ebay.luba.de\/index.php\/product\/zusatztrommeln-fur-rohkostvorsatz-ankarsrum\/","title":{"rendered":"Zusatztrommeln f\u00fcr Rohkostvorsatz ANKARSRUM"},"content":{"rendered":"<p>Zusatz-Trommelset zum Rohkostvorsatz:  Trommel 4 reibt Hartkase, N\u00fcsse, Schokolade, trockene Br\u00f6tchen Trommel 5 stiftelt Sellerie, Karotten, Kohlrabi, Zucchini Trommel 6 reibt Kartoffeln zu Mus (f\u00fcr Reibekuchen oder Kl\u00f6\u00dfe)<\/p>\n","protected":false},"excerpt":{"rendered":"<p>Zusatz-Trommelset zum Rohkostvorsatz: Trommel 4 reibt Hartkase, N\u00fcsse, Schokolade, trockene Br\u00f6tchen Trommel 5 stiftelt Sellerie, Karotten, Kohlrabi, Zucchini Trommel 6 reibt Kartoffeln zu Mus (f\u00fcr Reibekuchen oder Kl\u00f6\u00dfe)<\/p>\n","protected":false},"featured_media":15953,"comment_status":"closed","ping_status":"open","template":"","meta":[],"product_brand":[],"product_cat":[266,202,238],"product_tag":[],"class_list":{"0":"post-14961","1":"product","2":"type-product","3":"status-publish","4":"has-post-thumbnail","6":"product_cat-ankarsrum-kuchenmaschinen","7":"product_cat-kuchengerate-elektro","8":"product_cat-kuchenmaschinen","10":"first","11":"outofstock","12":"taxable","13":"shipping-taxable","14":"purchasable","15":"product-type-simple"},"_links":{"self":[{"href":"https:\/\/ebay.luba.de\/index.php\/wp-json\/wp\/v2\/product\/14961","targetHints":{"allow":["GET"]}}],"collection":[{"href":"https:\/\/ebay.luba.de\/index.php\/wp-json\/wp\/v2\/product"}],"about":[{"href":"https:\/\/ebay.luba.de\/index.php\/wp-json\/wp\/v2\/types\/product"}],"replies":[{"embeddable":true,"href":"https:\/\/ebay.luba.de\/index.php\/wp-json\/wp\/v2\/comments?post=14961"}],"wp:featuredmedia":[{"embeddable":true,"href":"https:\/\/ebay.luba.de\/index.php\/wp-json\/wp\/v2\/media\/15953"}],"wp:attachment":[{"href":"https:\/\/ebay.luba.de\/index.php\/wp-json\/wp\/v2\/media?parent=14961"}],"wp:term":[{"taxonomy":"product_brand","embeddable":true,"href":"https:\/\/ebay.luba.de\/index.php\/wp-json\/wp\/v2\/product_brand?post=14961"},{"taxonomy":"product_cat","embeddable":true,"href":"https:\/\/ebay.luba.de\/index.php\/wp-json\/wp\/v2\/product_cat?post=14961"},{"taxonomy":"product_tag","embeddable":true,"href":"https:\/\/ebay.luba.de\/index.php\/wp-json\/wp\/v2\/product_tag?post=14961"}],"curies":[{"name":"wp","href":"https:\/\/api.w.org\/{rel}","templated":true}]}}