{"id":14959,"date":"2020-12-06T15:51:50","date_gmt":"2020-12-06T15:51:50","guid":{"rendered":"https:\/\/ebay.luba.de\/index.php\/product\/getreidemuhlenaufsatz-fur-ankarsrum-u-electrolux\/"},"modified":"2023-01-25T11:39:03","modified_gmt":"2023-01-25T11:39:03","slug":"getreidemuhlenaufsatz-fur-ankarsrum-u-electrolux","status":"publish","type":"product","link":"https:\/\/ebay.luba.de\/index.php\/product\/getreidemuhlenaufsatz-fur-ankarsrum-u-electrolux\/","title":{"rendered":"Getreidem\u00fchlenaufsatz f\u00fcr ANKARSRUM u. Electrolux"},"content":{"rendered":"<p>Getreidem\u00fchlenaufsatz mit Stahlmahlwerk, zum Mahlen von Getreide, \u00d6lsaaten, Gew\u00fcrzen, trockenen Kr\u00e4utern oder Kaffee. Stufenlos einstellbar von fein bis grob.<\/p>\n","protected":false},"excerpt":{"rendered":"<p>Getreidem\u00fchlenaufsatz mit Stahlmahlwerk, zum Mahlen von Getreide, \u00d6lsaaten, Gew\u00fcrzen, trockenen Kr\u00e4utern oder Kaffee. Stufenlos einstellbar von fein bis grob.<\/p>\n","protected":false},"featured_media":15951,"comment_status":"closed","ping_status":"open","template":"","meta":[],"product_brand":[],"product_cat":[266,202,238],"product_tag":[],"class_list":{"0":"post-14959","1":"product","2":"type-product","3":"status-publish","4":"has-post-thumbnail","6":"product_cat-ankarsrum-kuchenmaschinen","7":"product_cat-kuchengerate-elektro","8":"product_cat-kuchenmaschinen","10":"first","11":"outofstock","12":"taxable","13":"shipping-taxable","14":"purchasable","15":"product-type-simple"},"_links":{"self":[{"href":"https:\/\/ebay.luba.de\/index.php\/wp-json\/wp\/v2\/product\/14959","targetHints":{"allow":["GET"]}}],"collection":[{"href":"https:\/\/ebay.luba.de\/index.php\/wp-json\/wp\/v2\/product"}],"about":[{"href":"https:\/\/ebay.luba.de\/index.php\/wp-json\/wp\/v2\/types\/product"}],"replies":[{"embeddable":true,"href":"https:\/\/ebay.luba.de\/index.php\/wp-json\/wp\/v2\/comments?post=14959"}],"wp:featuredmedia":[{"embeddable":true,"href":"https:\/\/ebay.luba.de\/index.php\/wp-json\/wp\/v2\/media\/15951"}],"wp:attachment":[{"href":"https:\/\/ebay.luba.de\/index.php\/wp-json\/wp\/v2\/media?parent=14959"}],"wp:term":[{"taxonomy":"product_brand","embeddable":true,"href":"https:\/\/ebay.luba.de\/index.php\/wp-json\/wp\/v2\/product_brand?post=14959"},{"taxonomy":"product_cat","embeddable":true,"href":"https:\/\/ebay.luba.de\/index.php\/wp-json\/wp\/v2\/product_cat?post=14959"},{"taxonomy":"product_tag","embeddable":true,"href":"https:\/\/ebay.luba.de\/index.php\/wp-json\/wp\/v2\/product_tag?post=14959"}],"curies":[{"name":"wp","href":"https:\/\/api.w.org\/{rel}","templated":true}]}}