{"id":14956,"date":"2020-12-06T15:51:50","date_gmt":"2020-12-06T15:51:50","guid":{"rendered":"https:\/\/ebay.luba.de\/index.php\/product\/spritzgebackvorsatz-fur-fleischwolf-akm-ankarsrum\/"},"modified":"2021-02-12T22:52:01","modified_gmt":"2021-02-12T22:52:01","slug":"spritzgebackvorsatz-fur-fleischwolf-akm-ankarsrum","status":"publish","type":"product","link":"https:\/\/ebay.luba.de\/index.php\/product\/spritzgebackvorsatz-fur-fleischwolf-akm-ankarsrum\/","title":{"rendered":"Spritzgeb\u00e4ckvorsatz f\u00fcr Fleischwolf AKM ANKARSRUM"},"content":{"rendered":"<p>Zubeh\u00f6r zum Fleischwolf. Zur Herstellung von klassischem Spritzgeb\u00e4ck, vier verschiedene Motive. Der Vorsatz wird an Stelle der Lochscheibe eingesetzt und ist hervorragend geeignet f\u00fcr die Weihnachtsb\u00e4ckerei.<\/p>\n","protected":false},"excerpt":{"rendered":"<p>Zubeh\u00f6r zum Fleischwolf. Zur Herstellung von klassischem Spritzgeb\u00e4ck, vier verschiedene Motive. Der Vorsatz wird an Stelle der Lochscheibe eingesetzt und ist hervorragend geeignet f\u00fcr die Weihnachtsb\u00e4ckerei.<\/p>\n","protected":false},"featured_media":15948,"comment_status":"closed","ping_status":"open","template":"","meta":[],"product_brand":[],"product_cat":[265,202,203],"product_tag":[],"class_list":{"0":"post-14956","1":"product","2":"type-product","3":"status-publish","4":"has-post-thumbnail","6":"product_cat-ankarsrum","7":"product_cat-kuchengerate-elektro","8":"product_cat-kuchenmaschinen-zubehor","10":"first","11":"outofstock","12":"taxable","13":"shipping-taxable","14":"purchasable","15":"product-type-simple"},"_links":{"self":[{"href":"https:\/\/ebay.luba.de\/index.php\/wp-json\/wp\/v2\/product\/14956","targetHints":{"allow":["GET"]}}],"collection":[{"href":"https:\/\/ebay.luba.de\/index.php\/wp-json\/wp\/v2\/product"}],"about":[{"href":"https:\/\/ebay.luba.de\/index.php\/wp-json\/wp\/v2\/types\/product"}],"replies":[{"embeddable":true,"href":"https:\/\/ebay.luba.de\/index.php\/wp-json\/wp\/v2\/comments?post=14956"}],"wp:featuredmedia":[{"embeddable":true,"href":"https:\/\/ebay.luba.de\/index.php\/wp-json\/wp\/v2\/media\/15948"}],"wp:attachment":[{"href":"https:\/\/ebay.luba.de\/index.php\/wp-json\/wp\/v2\/media?parent=14956"}],"wp:term":[{"taxonomy":"product_brand","embeddable":true,"href":"https:\/\/ebay.luba.de\/index.php\/wp-json\/wp\/v2\/product_brand?post=14956"},{"taxonomy":"product_cat","embeddable":true,"href":"https:\/\/ebay.luba.de\/index.php\/wp-json\/wp\/v2\/product_cat?post=14956"},{"taxonomy":"product_tag","embeddable":true,"href":"https:\/\/ebay.luba.de\/index.php\/wp-json\/wp\/v2\/product_tag?post=14956"}],"curies":[{"name":"wp","href":"https:\/\/api.w.org\/{rel}","templated":true}]}}