{"id":14952,"date":"2020-12-06T15:51:50","date_gmt":"2020-12-06T15:51:50","guid":{"rendered":"https:\/\/ebay.luba.de\/index.php\/product\/stapelhilfe-fur-eschenfelder-weizengrassieb\/"},"modified":"2023-01-27T12:51:07","modified_gmt":"2023-01-27T12:51:07","slug":"stapelhilfe-fur-eschenfelder-weizengrassieb","status":"publish","type":"product","link":"https:\/\/ebay.luba.de\/index.php\/product\/stapelhilfe-fur-eschenfelder-weizengrassieb\/","title":{"rendered":"Stapelhilfe f\u00fcr Eschenfelder Weizengrassieb"},"content":{"rendered":"<p>Mit der neuen dekorativen Stapelhilfe aus Edelstahl k\u00f6nnen platzsparend bis zu 4-5 Weizengrassiebe \u00fcbereinander gestapelt werden. Dies erm\u00f6glicht einen zeitlich versetzten Anbau und sichert Ihnen so eine l\u00fcckenlose Versorgung mit dem wertvollen &#8220;gr\u00fcnen Gold&#8221;. Die Stapelhilfe ist sp\u00fclmaschinenfest.<\/p>\n","protected":false},"excerpt":{"rendered":"<p>Mit der neuen dekorativen Stapelhilfe aus Edelstahl k\u00f6nnen platzsparend bis zu 4-5 Weizengrassiebe \u00fcbereinander gestapelt werden. Dies erm\u00f6glicht einen zeitlich versetzten Anbau und sichert Ihnen so eine l\u00fcckenlose Versorgung mit dem wertvollen &#8220;gr\u00fcnen Gold&#8221;. Die Stapelhilfe ist sp\u00fclmaschinenfest.<\/p>\n","protected":false},"featured_media":15944,"comment_status":"closed","ping_status":"open","template":"","meta":[],"product_brand":[],"product_cat":[261,250,215],"product_tag":[],"class_list":{"0":"post-14952","1":"product","2":"type-product","3":"status-publish","4":"has-post-thumbnail","6":"product_cat-eschenfelder-keimgerate","7":"product_cat-keimgerate","8":"product_cat-kuchengerate-handbetrieb","10":"first","11":"instock","12":"taxable","13":"shipping-taxable","14":"purchasable","15":"product-type-simple"},"_links":{"self":[{"href":"https:\/\/ebay.luba.de\/index.php\/wp-json\/wp\/v2\/product\/14952","targetHints":{"allow":["GET"]}}],"collection":[{"href":"https:\/\/ebay.luba.de\/index.php\/wp-json\/wp\/v2\/product"}],"about":[{"href":"https:\/\/ebay.luba.de\/index.php\/wp-json\/wp\/v2\/types\/product"}],"replies":[{"embeddable":true,"href":"https:\/\/ebay.luba.de\/index.php\/wp-json\/wp\/v2\/comments?post=14952"}],"wp:featuredmedia":[{"embeddable":true,"href":"https:\/\/ebay.luba.de\/index.php\/wp-json\/wp\/v2\/media\/15944"}],"wp:attachment":[{"href":"https:\/\/ebay.luba.de\/index.php\/wp-json\/wp\/v2\/media?parent=14952"}],"wp:term":[{"taxonomy":"product_brand","embeddable":true,"href":"https:\/\/ebay.luba.de\/index.php\/wp-json\/wp\/v2\/product_brand?post=14952"},{"taxonomy":"product_cat","embeddable":true,"href":"https:\/\/ebay.luba.de\/index.php\/wp-json\/wp\/v2\/product_cat?post=14952"},{"taxonomy":"product_tag","embeddable":true,"href":"https:\/\/ebay.luba.de\/index.php\/wp-json\/wp\/v2\/product_tag?post=14952"}],"curies":[{"name":"wp","href":"https:\/\/api.w.org\/{rel}","templated":true}]}}