{"id":14950,"date":"2020-12-06T15:51:50","date_gmt":"2020-12-06T15:51:50","guid":{"rendered":"https:\/\/ebay.luba.de\/index.php\/product\/wasser-destilliergerat-megahome-glasbehalter\/"},"modified":"2020-12-06T15:51:53","modified_gmt":"2020-12-06T15:51:53","slug":"wasser-destilliergerat-megahome-glasbehalter","status":"publish","type":"product","link":"https:\/\/ebay.luba.de\/index.php\/product\/wasser-destilliergerat-megahome-glasbehalter\/","title":{"rendered":"Wasser Destillierger\u00e4t Megahome, Glasbeh\u00e4lter"},"content":{"rendered":"<p>Das Wasserdestillierger\u00e4t wie oben, jedoch ist im Lieferumfang eine Glaskanne beim Megahome mit Edelstahlgeh\u00e4use enthalten.<\/p>\n","protected":false},"excerpt":{"rendered":"<p>Das Wasserdestillierger\u00e4t wie oben, jedoch ist im Lieferumfang eine Glaskanne beim Megahome mit Edelstahlgeh\u00e4use enthalten.<\/p>\n","protected":false},"featured_media":15942,"comment_status":"closed","ping_status":"open","template":"","meta":[],"product_brand":[],"product_cat":[193],"product_tag":[],"class_list":{"0":"post-14950","1":"product","2":"type-product","3":"status-publish","4":"has-post-thumbnail","6":"product_cat-unkategorisiert","8":"first","9":"outofstock","10":"taxable","11":"shipping-taxable","12":"purchasable","13":"product-type-simple"},"_links":{"self":[{"href":"https:\/\/ebay.luba.de\/index.php\/wp-json\/wp\/v2\/product\/14950","targetHints":{"allow":["GET"]}}],"collection":[{"href":"https:\/\/ebay.luba.de\/index.php\/wp-json\/wp\/v2\/product"}],"about":[{"href":"https:\/\/ebay.luba.de\/index.php\/wp-json\/wp\/v2\/types\/product"}],"replies":[{"embeddable":true,"href":"https:\/\/ebay.luba.de\/index.php\/wp-json\/wp\/v2\/comments?post=14950"}],"wp:featuredmedia":[{"embeddable":true,"href":"https:\/\/ebay.luba.de\/index.php\/wp-json\/wp\/v2\/media\/15942"}],"wp:attachment":[{"href":"https:\/\/ebay.luba.de\/index.php\/wp-json\/wp\/v2\/media?parent=14950"}],"wp:term":[{"taxonomy":"product_brand","embeddable":true,"href":"https:\/\/ebay.luba.de\/index.php\/wp-json\/wp\/v2\/product_brand?post=14950"},{"taxonomy":"product_cat","embeddable":true,"href":"https:\/\/ebay.luba.de\/index.php\/wp-json\/wp\/v2\/product_cat?post=14950"},{"taxonomy":"product_tag","embeddable":true,"href":"https:\/\/ebay.luba.de\/index.php\/wp-json\/wp\/v2\/product_tag?post=14950"}],"curies":[{"name":"wp","href":"https:\/\/api.w.org\/{rel}","templated":true}]}}