{"id":14930,"date":"2020-12-06T15:51:40","date_gmt":"2020-12-06T15:51:40","guid":{"rendered":"https:\/\/ebay.luba.de\/index.php\/product\/maroni-ofen-grill-crepeplatte\/"},"modified":"2023-09-11T08:51:07","modified_gmt":"2023-09-11T08:51:07","slug":"maroni-ofen-grill-crepeplatte","status":"publish","type":"product","link":"https:\/\/ebay.luba.de\/index.php\/product\/maroni-ofen-grill-crepeplatte\/","title":{"rendered":"Maroni-Ofen + Grill-Cr\u00eapeplatte"},"content":{"rendered":"<p>Praktisches Komplett-Set f\u00fcr den multifunktionalen Einsatz. Nicht nur Maronen \/ E\u00dfkastanien, sondern auch Folienkartoffeln gelingen bestens.<\/p>\n<p>Das Set enth\u00e4lt au\u00dfer dem <a href=\"https:\/\/luba.de\/produkt\/stoeckli-maroni-ofen-24-cm-mit-deckel\/\">Grundger\u00e4t mit Deckel<\/a> noch eine <a href=\"https:\/\/luba.de\/produkt\/grill-crepeplatte-fuer-maroni-ofen\/\">Wendeplatte<\/a> zum Grillen bzw. zur Herstellung von Cr\u00eapes.<\/p>\n","protected":false},"excerpt":{"rendered":"<p>Praktisches Komplett-Set f\u00fcr den multifunktionalen Einsatz. Nicht nur Maronen \/ E\u00dfkastanien, sondern auch Folienkartoffeln gelingen bestens. Das Set enth\u00e4lt au\u00dfer dem Grundger\u00e4t mit Deckel noch eine Wendeplatte zum Grillen bzw. zur Herstellung von Cr\u00eapes.<\/p>\n","protected":false},"featured_media":15916,"comment_status":"closed","ping_status":"open","template":"","meta":[],"product_brand":[],"product_cat":[211,202],"product_tag":[],"class_list":{"0":"post-14930","1":"product","2":"type-product","3":"status-publish","4":"has-post-thumbnail","6":"product_cat-grillen","7":"product_cat-kuchengerate-elektro","9":"first","10":"instock","11":"taxable","12":"shipping-taxable","13":"purchasable","14":"product-type-simple"},"_links":{"self":[{"href":"https:\/\/ebay.luba.de\/index.php\/wp-json\/wp\/v2\/product\/14930","targetHints":{"allow":["GET"]}}],"collection":[{"href":"https:\/\/ebay.luba.de\/index.php\/wp-json\/wp\/v2\/product"}],"about":[{"href":"https:\/\/ebay.luba.de\/index.php\/wp-json\/wp\/v2\/types\/product"}],"replies":[{"embeddable":true,"href":"https:\/\/ebay.luba.de\/index.php\/wp-json\/wp\/v2\/comments?post=14930"}],"wp:featuredmedia":[{"embeddable":true,"href":"https:\/\/ebay.luba.de\/index.php\/wp-json\/wp\/v2\/media\/15916"}],"wp:attachment":[{"href":"https:\/\/ebay.luba.de\/index.php\/wp-json\/wp\/v2\/media?parent=14930"}],"wp:term":[{"taxonomy":"product_brand","embeddable":true,"href":"https:\/\/ebay.luba.de\/index.php\/wp-json\/wp\/v2\/product_brand?post=14930"},{"taxonomy":"product_cat","embeddable":true,"href":"https:\/\/ebay.luba.de\/index.php\/wp-json\/wp\/v2\/product_cat?post=14930"},{"taxonomy":"product_tag","embeddable":true,"href":"https:\/\/ebay.luba.de\/index.php\/wp-json\/wp\/v2\/product_tag?post=14930"}],"curies":[{"name":"wp","href":"https:\/\/api.w.org\/{rel}","templated":true}]}}