{"id":14928,"date":"2020-12-06T15:51:40","date_gmt":"2020-12-06T15:51:40","guid":{"rendered":"https:\/\/ebay.luba.de\/index.php\/product\/culina-4870-motor-rk-stahlmahlvors\/"},"modified":"2023-09-26T06:51:07","modified_gmt":"2023-09-26T06:51:07","slug":"culina-4870-motor-rk-stahlmahlvors","status":"publish","type":"product","link":"https:\/\/ebay.luba.de\/index.php\/product\/culina-4870-motor-rk-stahlmahlvors\/","title":{"rendered":"Culina 4870 Motor + RK + Stahlmahlvors."},"content":{"rendered":"<p>Die perfekte Kombination, um zu Hause Brot zu backen: Getreide mahlen und anschlie\u00dfend sofort den Teig verarbeiten. Variabel und mit weiteren Aufs\u00e4tzen aufr\u00fcstbar.<\/p>\n","protected":false},"excerpt":{"rendered":"<p>Die perfekte Kombination, um zu Hause Brot zu backen: Getreide mahlen und anschlie\u00dfend sofort den Teig verarbeiten. Variabel und mit weiteren Aufs\u00e4tzen aufr\u00fcstbar.<\/p>\n","protected":false},"featured_media":15914,"comment_status":"closed","ping_status":"open","template":"","meta":[],"product_brand":[],"product_cat":[202,238,264],"product_tag":[],"class_list":{"0":"post-14928","1":"product","2":"type-product","3":"status-publish","4":"has-post-thumbnail","6":"product_cat-kuchengerate-elektro","7":"product_cat-kuchenmaschinen","8":"product_cat-messerschmidt-kuchenmaschinen","10":"first","11":"instock","12":"taxable","13":"shipping-taxable","14":"purchasable","15":"product-type-simple"},"_links":{"self":[{"href":"https:\/\/ebay.luba.de\/index.php\/wp-json\/wp\/v2\/product\/14928","targetHints":{"allow":["GET"]}}],"collection":[{"href":"https:\/\/ebay.luba.de\/index.php\/wp-json\/wp\/v2\/product"}],"about":[{"href":"https:\/\/ebay.luba.de\/index.php\/wp-json\/wp\/v2\/types\/product"}],"replies":[{"embeddable":true,"href":"https:\/\/ebay.luba.de\/index.php\/wp-json\/wp\/v2\/comments?post=14928"}],"wp:featuredmedia":[{"embeddable":true,"href":"https:\/\/ebay.luba.de\/index.php\/wp-json\/wp\/v2\/media\/15914"}],"wp:attachment":[{"href":"https:\/\/ebay.luba.de\/index.php\/wp-json\/wp\/v2\/media?parent=14928"}],"wp:term":[{"taxonomy":"product_brand","embeddable":true,"href":"https:\/\/ebay.luba.de\/index.php\/wp-json\/wp\/v2\/product_brand?post=14928"},{"taxonomy":"product_cat","embeddable":true,"href":"https:\/\/ebay.luba.de\/index.php\/wp-json\/wp\/v2\/product_cat?post=14928"},{"taxonomy":"product_tag","embeddable":true,"href":"https:\/\/ebay.luba.de\/index.php\/wp-json\/wp\/v2\/product_tag?post=14928"}],"curies":[{"name":"wp","href":"https:\/\/api.w.org\/{rel}","templated":true}]}}