{"id":14927,"date":"2020-12-06T15:51:40","date_gmt":"2020-12-06T15:51:40","guid":{"rendered":"https:\/\/ebay.luba.de\/index.php\/product\/culina-4860-motor-und-stahlmahlvorsatz\/"},"modified":"2023-09-26T06:51:07","modified_gmt":"2023-09-26T06:51:07","slug":"culina-4860-motor-und-stahlmahlvorsatz","status":"publish","type":"product","link":"https:\/\/ebay.luba.de\/index.php\/product\/culina-4860-motor-und-stahlmahlvorsatz\/","title":{"rendered":"Culina 4860, Motor und Stahlmahlvorsatz"},"content":{"rendered":"<p>Die vielseitig aufr\u00fcstbare K\u00fcchenmaschine f\u00fcr eine Vielzahl von Einsatzm\u00f6glichkeiten. Ein Allesk\u00f6nner: ausgereift und robust.<\/p>\n","protected":false},"excerpt":{"rendered":"<p>Die vielseitig aufr\u00fcstbare K\u00fcchenmaschine f\u00fcr eine Vielzahl von Einsatzm\u00f6glichkeiten. Ein Allesk\u00f6nner: ausgereift und robust.<\/p>\n","protected":false},"featured_media":15913,"comment_status":"closed","ping_status":"open","template":"","meta":[],"product_brand":[],"product_cat":[202,238,264],"product_tag":[],"class_list":{"0":"post-14927","1":"product","2":"type-product","3":"status-publish","4":"has-post-thumbnail","6":"product_cat-kuchengerate-elektro","7":"product_cat-kuchenmaschinen","8":"product_cat-messerschmidt-kuchenmaschinen","10":"first","11":"instock","12":"taxable","13":"shipping-taxable","14":"purchasable","15":"product-type-simple"},"_links":{"self":[{"href":"https:\/\/ebay.luba.de\/index.php\/wp-json\/wp\/v2\/product\/14927","targetHints":{"allow":["GET"]}}],"collection":[{"href":"https:\/\/ebay.luba.de\/index.php\/wp-json\/wp\/v2\/product"}],"about":[{"href":"https:\/\/ebay.luba.de\/index.php\/wp-json\/wp\/v2\/types\/product"}],"replies":[{"embeddable":true,"href":"https:\/\/ebay.luba.de\/index.php\/wp-json\/wp\/v2\/comments?post=14927"}],"wp:featuredmedia":[{"embeddable":true,"href":"https:\/\/ebay.luba.de\/index.php\/wp-json\/wp\/v2\/media\/15913"}],"wp:attachment":[{"href":"https:\/\/ebay.luba.de\/index.php\/wp-json\/wp\/v2\/media?parent=14927"}],"wp:term":[{"taxonomy":"product_brand","embeddable":true,"href":"https:\/\/ebay.luba.de\/index.php\/wp-json\/wp\/v2\/product_brand?post=14927"},{"taxonomy":"product_cat","embeddable":true,"href":"https:\/\/ebay.luba.de\/index.php\/wp-json\/wp\/v2\/product_cat?post=14927"},{"taxonomy":"product_tag","embeddable":true,"href":"https:\/\/ebay.luba.de\/index.php\/wp-json\/wp\/v2\/product_tag?post=14927"}],"curies":[{"name":"wp","href":"https:\/\/api.w.org\/{rel}","templated":true}]}}