{"id":14924,"date":"2020-12-06T15:51:28","date_gmt":"2020-12-06T15:51:28","guid":{"rendered":"https:\/\/ebay.luba.de\/index.php\/product\/messerschmidt-flockenhandmuhle\/"},"modified":"2023-09-26T06:51:08","modified_gmt":"2023-09-26T06:51:08","slug":"messerschmidt-flockenhandmuhle","status":"publish","type":"product","link":"https:\/\/ebay.luba.de\/index.php\/product\/messerschmidt-flockenhandmuhle\/","title":{"rendered":"Messerschmidt Flockenhandm\u00fchle"},"content":{"rendered":"<p>Die handbetriebene Flockenm\u00fchle verarbeitet alle Getreidesorten und \u00d6lsaaten f\u00fcr Ihr M\u00fcsli, schonend und einfach. Auch Gew\u00fcrze wie Fenchel, K\u00fcmmel oder Koriander lassen sich hervorragend verarbeiten. Weitere Vors\u00e4tze um Getreide zu mahlen oder Gem\u00fcse und Obst zu raspeln oder zu schneiden sind m\u00f6glich. Ideal f\u00fcr Single-Haushalte und Gelegenheitsgourmets. Falls Ihr Bedarf w\u00e4chst, lassen sich die Messerschmidt-Vors\u00e4tze vom Handbetrieb auch ganz einfach an einen Motorantrieb anschlie\u00dfen (mit Adapter auch an andere K\u00fcchenmaschinen-Motoren).Gewicht 1,8 kg. Ma\u00dfe H\/B\/T ca. 32,5\/15\/38 cm. Zubeh\u00f6r ab Seite 10.<\/p>\n","protected":false},"excerpt":{"rendered":"<p>Die handbetriebene Flockenm\u00fchle verarbeitet alle Getreidesorten und \u00d6lsaaten f\u00fcr Ihr M\u00fcsli, schonend und einfach. Auch Gew\u00fcrze wie Fenchel, K\u00fcmmel oder Koriander lassen sich hervorragend verarbeiten. Weitere Vors\u00e4tze um Getreide zu mahlen oder Gem\u00fcse und Obst zu raspeln oder zu schneiden sind m\u00f6glich. Ideal f\u00fcr Single-Haushalte und Gelegenheitsgourmets. Falls Ihr Bedarf w\u00e4chst, lassen sich die Messerschmidt-Vors\u00e4tze [&hellip;]<\/p>\n","protected":false},"featured_media":15910,"comment_status":"closed","ping_status":"open","template":"","meta":[],"product_brand":[],"product_cat":[217,215],"product_tag":[],"class_list":{"0":"post-14924","1":"product","2":"type-product","3":"status-publish","4":"has-post-thumbnail","6":"product_cat-flocker","7":"product_cat-kuchengerate-handbetrieb","9":"first","10":"instock","11":"taxable","12":"shipping-taxable","13":"purchasable","14":"product-type-simple"},"_links":{"self":[{"href":"https:\/\/ebay.luba.de\/index.php\/wp-json\/wp\/v2\/product\/14924","targetHints":{"allow":["GET"]}}],"collection":[{"href":"https:\/\/ebay.luba.de\/index.php\/wp-json\/wp\/v2\/product"}],"about":[{"href":"https:\/\/ebay.luba.de\/index.php\/wp-json\/wp\/v2\/types\/product"}],"replies":[{"embeddable":true,"href":"https:\/\/ebay.luba.de\/index.php\/wp-json\/wp\/v2\/comments?post=14924"}],"wp:featuredmedia":[{"embeddable":true,"href":"https:\/\/ebay.luba.de\/index.php\/wp-json\/wp\/v2\/media\/15910"}],"wp:attachment":[{"href":"https:\/\/ebay.luba.de\/index.php\/wp-json\/wp\/v2\/media?parent=14924"}],"wp:term":[{"taxonomy":"product_brand","embeddable":true,"href":"https:\/\/ebay.luba.de\/index.php\/wp-json\/wp\/v2\/product_brand?post=14924"},{"taxonomy":"product_cat","embeddable":true,"href":"https:\/\/ebay.luba.de\/index.php\/wp-json\/wp\/v2\/product_cat?post=14924"},{"taxonomy":"product_tag","embeddable":true,"href":"https:\/\/ebay.luba.de\/index.php\/wp-json\/wp\/v2\/product_tag?post=14924"}],"curies":[{"name":"wp","href":"https:\/\/api.w.org\/{rel}","templated":true}]}}