{"id":14923,"date":"2020-12-06T15:51:28","date_gmt":"2020-12-06T15:51:28","guid":{"rendered":"https:\/\/ebay.luba.de\/index.php\/product\/messerschmidt-handmuhle-stahlmahlwerk\/"},"modified":"2023-09-26T06:51:08","modified_gmt":"2023-09-26T06:51:08","slug":"messerschmidt-handmuhle-stahlmahlwerk","status":"publish","type":"product","link":"https:\/\/ebay.luba.de\/index.php\/product\/messerschmidt-handmuhle-stahlmahlwerk\/","title":{"rendered":"Messerschmidt Handm\u00fchle Stahlmahlwerk"},"content":{"rendered":"<p>Handbetriebene Getreidem\u00fchle mit Stahlmahlwerk mahlt Ihr Getreide und \u00d6lsaaten &#8211; sowie Gew\u00fcrze, individuell in der gew\u00fcnschten Feinheit einstellbar. Weitere Vors\u00e4tze wie Flocker oder Frischkostraffel sind m\u00f6glich. Ideal f\u00fcr Single-Haushalte und Gelegenheitsgourmets. Falls Ihr Bedarf w\u00e4chst, lassen sich die Messerschmidt-Vors\u00e4tze vom Handbetrieb auch ganz einfach an einen Motorantrieb anschlie\u00dfen (mit Adapter auch an andere K\u00fcchenmaschinen-Motoren).Gewicht 1,6 kg. Ma\u00dfe H\/B\/T ca. 35,5\/14\/38,5 cm.<\/p>\n","protected":false},"excerpt":{"rendered":"<p>Handbetriebene Getreidem\u00fchle mit Stahlmahlwerk mahlt Ihr Getreide und \u00d6lsaaten &#8211; sowie Gew\u00fcrze, individuell in der gew\u00fcnschten Feinheit einstellbar. Weitere Vors\u00e4tze wie Flocker oder Frischkostraffel sind m\u00f6glich. Ideal f\u00fcr Single-Haushalte und Gelegenheitsgourmets. Falls Ihr Bedarf w\u00e4chst, lassen sich die Messerschmidt-Vors\u00e4tze vom Handbetrieb auch ganz einfach an einen Motorantrieb anschlie\u00dfen (mit Adapter auch an andere K\u00fcchenmaschinen-Motoren).Gewicht 1,6 [&hellip;]<\/p>\n","protected":false},"featured_media":15909,"comment_status":"closed","ping_status":"open","template":"","meta":[],"product_brand":[],"product_cat":[218,231,215],"product_tag":[],"class_list":{"0":"post-14923","1":"product","2":"type-product","3":"status-publish","4":"has-post-thumbnail","6":"product_cat-getreidemuhlen","7":"product_cat-handbetrieben","8":"product_cat-kuchengerate-handbetrieb","10":"first","11":"instock","12":"taxable","13":"shipping-taxable","14":"purchasable","15":"product-type-simple"},"_links":{"self":[{"href":"https:\/\/ebay.luba.de\/index.php\/wp-json\/wp\/v2\/product\/14923","targetHints":{"allow":["GET"]}}],"collection":[{"href":"https:\/\/ebay.luba.de\/index.php\/wp-json\/wp\/v2\/product"}],"about":[{"href":"https:\/\/ebay.luba.de\/index.php\/wp-json\/wp\/v2\/types\/product"}],"replies":[{"embeddable":true,"href":"https:\/\/ebay.luba.de\/index.php\/wp-json\/wp\/v2\/comments?post=14923"}],"wp:featuredmedia":[{"embeddable":true,"href":"https:\/\/ebay.luba.de\/index.php\/wp-json\/wp\/v2\/media\/15909"}],"wp:attachment":[{"href":"https:\/\/ebay.luba.de\/index.php\/wp-json\/wp\/v2\/media?parent=14923"}],"wp:term":[{"taxonomy":"product_brand","embeddable":true,"href":"https:\/\/ebay.luba.de\/index.php\/wp-json\/wp\/v2\/product_brand?post=14923"},{"taxonomy":"product_cat","embeddable":true,"href":"https:\/\/ebay.luba.de\/index.php\/wp-json\/wp\/v2\/product_cat?post=14923"},{"taxonomy":"product_tag","embeddable":true,"href":"https:\/\/ebay.luba.de\/index.php\/wp-json\/wp\/v2\/product_tag?post=14923"}],"curies":[{"name":"wp","href":"https:\/\/api.w.org\/{rel}","templated":true}]}}