{"id":14920,"date":"2020-12-06T15:51:28","date_gmt":"2020-12-06T15:51:28","guid":{"rendered":"https:\/\/ebay.luba.de\/index.php\/product\/romertopf-kresse-igel-mit-kressesaat\/"},"modified":"2023-09-26T06:51:13","modified_gmt":"2023-09-26T06:51:13","slug":"romertopf-kresse-igel-mit-kressesaat","status":"publish","type":"product","link":"https:\/\/ebay.luba.de\/index.php\/product\/romertopf-kresse-igel-mit-kressesaat\/","title":{"rendered":"R\u00f6mertopf Kresse-Igel mit Kressesaat"},"content":{"rendered":"<p>Kresse darf in keiner K\u00fcche fehlen, sei es zum W\u00fcrzen einer Suppe, eines Salates oder eines Reisgerichtes. Mit dem Kresseigel von R\u00f6mertopf l\u00e4\u00dft sich gesunde, herzhafte und vitaminreiche Kresse selber z\u00fcchten. Gelingt mit Wasser, Licht und bei Zimmertemperatur. Ganz ohne Erde! Nach 2 Tagen keimt die Kresse und bereits nach 6 &#8211; 7 Tagen kann geerntet werden.<\/p>\n","protected":false},"excerpt":{"rendered":"<p>Kresse darf in keiner K\u00fcche fehlen, sei es zum W\u00fcrzen einer Suppe, eines Salates oder eines Reisgerichtes. Mit dem Kresseigel von R\u00f6mertopf l\u00e4\u00dft sich gesunde, herzhafte und vitaminreiche Kresse selber z\u00fcchten. Gelingt mit Wasser, Licht und bei Zimmertemperatur. Ganz ohne Erde! Nach 2 Tagen keimt die Kresse und bereits nach 6 &#8211; 7 Tagen kann [&hellip;]<\/p>\n","protected":false},"featured_media":15904,"comment_status":"closed","ping_status":"open","template":"","meta":[],"product_brand":[],"product_cat":[250,215],"product_tag":[],"class_list":{"0":"post-14920","1":"product","2":"type-product","3":"status-publish","4":"has-post-thumbnail","6":"product_cat-keimgerate","7":"product_cat-kuchengerate-handbetrieb","9":"first","10":"instock","11":"taxable","12":"shipping-taxable","13":"purchasable","14":"product-type-simple"},"_links":{"self":[{"href":"https:\/\/ebay.luba.de\/index.php\/wp-json\/wp\/v2\/product\/14920","targetHints":{"allow":["GET"]}}],"collection":[{"href":"https:\/\/ebay.luba.de\/index.php\/wp-json\/wp\/v2\/product"}],"about":[{"href":"https:\/\/ebay.luba.de\/index.php\/wp-json\/wp\/v2\/types\/product"}],"replies":[{"embeddable":true,"href":"https:\/\/ebay.luba.de\/index.php\/wp-json\/wp\/v2\/comments?post=14920"}],"wp:featuredmedia":[{"embeddable":true,"href":"https:\/\/ebay.luba.de\/index.php\/wp-json\/wp\/v2\/media\/15904"}],"wp:attachment":[{"href":"https:\/\/ebay.luba.de\/index.php\/wp-json\/wp\/v2\/media?parent=14920"}],"wp:term":[{"taxonomy":"product_brand","embeddable":true,"href":"https:\/\/ebay.luba.de\/index.php\/wp-json\/wp\/v2\/product_brand?post=14920"},{"taxonomy":"product_cat","embeddable":true,"href":"https:\/\/ebay.luba.de\/index.php\/wp-json\/wp\/v2\/product_cat?post=14920"},{"taxonomy":"product_tag","embeddable":true,"href":"https:\/\/ebay.luba.de\/index.php\/wp-json\/wp\/v2\/product_tag?post=14920"}],"curies":[{"name":"wp","href":"https:\/\/api.w.org\/{rel}","templated":true}]}}