{"id":14919,"date":"2020-12-06T15:51:28","date_gmt":"2020-12-06T15:51:28","guid":{"rendered":"https:\/\/ebay.luba.de\/index.php\/product\/romertopf-brotbackschale-pane-eckig-bis-0-75-kg\/"},"modified":"2023-09-26T06:51:13","modified_gmt":"2023-09-26T06:51:13","slug":"romertopf-brotbackschale-pane-eckig-bis-0-75-kg","status":"publish","type":"product","link":"https:\/\/ebay.luba.de\/index.php\/product\/romertopf-brotbackschale-pane-eckig-bis-0-75-kg\/","title":{"rendered":"R\u00f6mertopf Brotbackschale Pane, eckig, bis 0, 75 kg"},"content":{"rendered":"<p>Die Brotbackschale wird 10 Minuten gew\u00e4ssert. Das im por\u00f6sen Ton gespeicherte Wasser wird zu Dunst und Dampf w\u00e4hrend des Backvorganges. Eine regelrechte Dunstglocke umh\u00fcllt den Teig. Das Brot wird optimal mit Feuchtigkeit versorgt. Das Brot schmeckt so sp\u00fcrbar saftiger und aromareicher und l\u00e4\u00dft sich ideal frischhalten, ohne dass es schnell austrocknet. Bitte Schale vor Gebrauch mit \u00d6l oder Margarine einfetten und am besten einmehlen oder bestreuen z. B. mit Haferflocken.<\/p>\n","protected":false},"excerpt":{"rendered":"<p>Die Brotbackschale wird 10 Minuten gew\u00e4ssert. Das im por\u00f6sen Ton gespeicherte Wasser wird zu Dunst und Dampf w\u00e4hrend des Backvorganges. Eine regelrechte Dunstglocke umh\u00fcllt den Teig. Das Brot wird optimal mit Feuchtigkeit versorgt. Das Brot schmeckt so sp\u00fcrbar saftiger und aromareicher und l\u00e4\u00dft sich ideal frischhalten, ohne dass es schnell austrocknet. Bitte Schale vor Gebrauch [&hellip;]<\/p>\n","protected":false},"featured_media":15903,"comment_status":"closed","ping_status":"open","template":"","meta":[],"product_brand":[],"product_cat":[226,263,199],"product_tag":[],"class_list":{"0":"post-14919","1":"product","2":"type-product","3":"status-publish","4":"has-post-thumbnail","6":"product_cat-backen","7":"product_cat-backformen","8":"product_cat-kuchenhelfer","10":"first","11":"instock","12":"taxable","13":"shipping-taxable","14":"purchasable","15":"product-type-simple"},"_links":{"self":[{"href":"https:\/\/ebay.luba.de\/index.php\/wp-json\/wp\/v2\/product\/14919","targetHints":{"allow":["GET"]}}],"collection":[{"href":"https:\/\/ebay.luba.de\/index.php\/wp-json\/wp\/v2\/product"}],"about":[{"href":"https:\/\/ebay.luba.de\/index.php\/wp-json\/wp\/v2\/types\/product"}],"replies":[{"embeddable":true,"href":"https:\/\/ebay.luba.de\/index.php\/wp-json\/wp\/v2\/comments?post=14919"}],"wp:featuredmedia":[{"embeddable":true,"href":"https:\/\/ebay.luba.de\/index.php\/wp-json\/wp\/v2\/media\/15903"}],"wp:attachment":[{"href":"https:\/\/ebay.luba.de\/index.php\/wp-json\/wp\/v2\/media?parent=14919"}],"wp:term":[{"taxonomy":"product_brand","embeddable":true,"href":"https:\/\/ebay.luba.de\/index.php\/wp-json\/wp\/v2\/product_brand?post=14919"},{"taxonomy":"product_cat","embeddable":true,"href":"https:\/\/ebay.luba.de\/index.php\/wp-json\/wp\/v2\/product_cat?post=14919"},{"taxonomy":"product_tag","embeddable":true,"href":"https:\/\/ebay.luba.de\/index.php\/wp-json\/wp\/v2\/product_tag?post=14919"}],"curies":[{"name":"wp","href":"https:\/\/api.w.org\/{rel}","templated":true}]}}