{"id":14917,"date":"2020-12-06T15:51:28","date_gmt":"2020-12-06T15:51:28","guid":{"rendered":"https:\/\/ebay.luba.de\/index.php\/product\/unterbau-fur-hawos-silo-3-x-5-kg\/"},"modified":"2022-09-02T06:51:09","modified_gmt":"2022-09-02T06:51:09","slug":"unterbau-fur-hawos-silo-3-x-5-kg","status":"publish","type":"product","link":"https:\/\/ebay.luba.de\/index.php\/product\/unterbau-fur-hawos-silo-3-x-5-kg\/","title":{"rendered":"Unterbau f\u00fcr hawos Silo 3 x 5 kg"},"content":{"rendered":"<p>Der Unterbau f\u00fcr hawos Getreidesilo 3 x 5 kg zur Aufnahme einer Getreidem\u00fchle. Das Getreide l\u00e4uft mittig aus dem jeweiligen Fach direkt in den M\u00fchlentrichter. Das Stellbrett f\u00fcr die Unterstellsch\u00fcssel kann eingeschoben werden. Innenh\u00f6he 460 mm, Innentiefe max 205 mm, Innenbreite 390 mm, Stellbrett 205 mm (ausziehbar).<\/p>\n","protected":false},"excerpt":{"rendered":"<p>Der Unterbau f\u00fcr hawos Getreidesilo 3 x 5 kg zur Aufnahme einer Getreidem\u00fchle. Das Getreide l\u00e4uft mittig aus dem jeweiligen Fach direkt in den M\u00fchlentrichter. Das Stellbrett f\u00fcr die Unterstellsch\u00fcssel kann eingeschoben werden. Innenh\u00f6he 460 mm, Innentiefe max 205 mm, Innenbreite 390 mm, Stellbrett 205 mm (ausziehbar).<\/p>\n","protected":false},"featured_media":15901,"comment_status":"closed","ping_status":"open","template":"","meta":[],"product_brand":[],"product_cat":[224,225,199],"product_tag":[],"class_list":{"0":"post-14917","1":"product","2":"type-product","3":"status-publish","4":"has-post-thumbnail","6":"product_cat-aufbewahrung","7":"product_cat-getreidespeicher","8":"product_cat-kuchenhelfer","10":"first","11":"outofstock","12":"taxable","13":"shipping-taxable","14":"purchasable","15":"product-type-simple"},"_links":{"self":[{"href":"https:\/\/ebay.luba.de\/index.php\/wp-json\/wp\/v2\/product\/14917","targetHints":{"allow":["GET"]}}],"collection":[{"href":"https:\/\/ebay.luba.de\/index.php\/wp-json\/wp\/v2\/product"}],"about":[{"href":"https:\/\/ebay.luba.de\/index.php\/wp-json\/wp\/v2\/types\/product"}],"replies":[{"embeddable":true,"href":"https:\/\/ebay.luba.de\/index.php\/wp-json\/wp\/v2\/comments?post=14917"}],"wp:featuredmedia":[{"embeddable":true,"href":"https:\/\/ebay.luba.de\/index.php\/wp-json\/wp\/v2\/media\/15901"}],"wp:attachment":[{"href":"https:\/\/ebay.luba.de\/index.php\/wp-json\/wp\/v2\/media?parent=14917"}],"wp:term":[{"taxonomy":"product_brand","embeddable":true,"href":"https:\/\/ebay.luba.de\/index.php\/wp-json\/wp\/v2\/product_brand?post=14917"},{"taxonomy":"product_cat","embeddable":true,"href":"https:\/\/ebay.luba.de\/index.php\/wp-json\/wp\/v2\/product_cat?post=14917"},{"taxonomy":"product_tag","embeddable":true,"href":"https:\/\/ebay.luba.de\/index.php\/wp-json\/wp\/v2\/product_tag?post=14917"}],"curies":[{"name":"wp","href":"https:\/\/api.w.org\/{rel}","templated":true}]}}