{"id":14913,"date":"2020-12-06T15:51:28","date_gmt":"2020-12-06T15:51:28","guid":{"rendered":"https:\/\/ebay.luba.de\/index.php\/product\/garkorb-oval-05-kg\/"},"modified":"2023-09-26T06:51:13","modified_gmt":"2023-09-26T06:51:13","slug":"garkorb-oval-05-kg","status":"publish","type":"product","link":"https:\/\/ebay.luba.de\/index.php\/product\/garkorb-oval-05-kg\/","title":{"rendered":"G\u00e4rkorb, oval (0,5 kg)"},"content":{"rendered":"<h3>G\u00e4rkorb oval f\u00fcr 0,5 kg<\/h3>\n<p>G\u00e4rkorb aus Peddigrohr.<br \/>\nIn diesem K\u00f6rbchen erh\u00e4lt Ihr selbstgebackenes Brot w\u00e4hrend des G\u00e4rvorganges die richtige Form.<\/p>\n<p>Form: oval<\/p>\n<p>Teigling bis: 0,5 kg<\/p>\n<p>Ma\u00dfe (L\/B\/H): 23x13x7 cm<\/p>\n","protected":false},"excerpt":{"rendered":"<p>G\u00e4rkorb oval f\u00fcr 0,5 kg G\u00e4rkorb aus Peddigrohr. In diesem K\u00f6rbchen erh\u00e4lt Ihr selbstgebackenes Brot w\u00e4hrend des G\u00e4rvorganges die richtige Form. Form: oval Teigling bis: 0,5 kg Ma\u00dfe (L\/B\/H): 23x13x7 cm<\/p>\n","protected":false},"featured_media":15897,"comment_status":"closed","ping_status":"open","template":"","meta":[],"product_brand":[],"product_cat":[226,262,199],"product_tag":[],"class_list":{"0":"post-14913","1":"product","2":"type-product","3":"status-publish","4":"has-post-thumbnail","6":"product_cat-backen","7":"product_cat-garkorbe","8":"product_cat-kuchenhelfer","10":"first","11":"instock","12":"taxable","13":"shipping-taxable","14":"purchasable","15":"product-type-simple"},"_links":{"self":[{"href":"https:\/\/ebay.luba.de\/index.php\/wp-json\/wp\/v2\/product\/14913","targetHints":{"allow":["GET"]}}],"collection":[{"href":"https:\/\/ebay.luba.de\/index.php\/wp-json\/wp\/v2\/product"}],"about":[{"href":"https:\/\/ebay.luba.de\/index.php\/wp-json\/wp\/v2\/types\/product"}],"replies":[{"embeddable":true,"href":"https:\/\/ebay.luba.de\/index.php\/wp-json\/wp\/v2\/comments?post=14913"}],"wp:featuredmedia":[{"embeddable":true,"href":"https:\/\/ebay.luba.de\/index.php\/wp-json\/wp\/v2\/media\/15897"}],"wp:attachment":[{"href":"https:\/\/ebay.luba.de\/index.php\/wp-json\/wp\/v2\/media?parent=14913"}],"wp:term":[{"taxonomy":"product_brand","embeddable":true,"href":"https:\/\/ebay.luba.de\/index.php\/wp-json\/wp\/v2\/product_brand?post=14913"},{"taxonomy":"product_cat","embeddable":true,"href":"https:\/\/ebay.luba.de\/index.php\/wp-json\/wp\/v2\/product_cat?post=14913"},{"taxonomy":"product_tag","embeddable":true,"href":"https:\/\/ebay.luba.de\/index.php\/wp-json\/wp\/v2\/product_tag?post=14913"}],"curies":[{"name":"wp","href":"https:\/\/api.w.org\/{rel}","templated":true}]}}