{"id":14904,"date":"2020-12-06T15:51:17","date_gmt":"2020-12-06T15:51:17","guid":{"rendered":"https:\/\/ebay.luba.de\/index.php\/product\/kornkraft-getreidebehalter-max-5-kg\/"},"modified":"2022-11-28T14:09:27","modified_gmt":"2022-11-28T14:09:27","slug":"kornkraft-getreidebehalter-max-5-kg","status":"publish","type":"product","link":"https:\/\/ebay.luba.de\/index.php\/product\/kornkraft-getreidebehalter-max-5-kg\/","title":{"rendered":"Kornkraft Getreidebeh\u00e4lter Max 5 kg"},"content":{"rendered":"<p>Wie oben, jedoch f\u00fcr bis zu 5 kg Getreide.  Ma\u00dfe: H\u00f6he: 35 cm, Breite: 24 cm, Tiefe: 21 cm, Gewicht: 2 kg. Garantie: 5 Jahre<\/p>\n","protected":false},"excerpt":{"rendered":"<p>Wie oben, jedoch f\u00fcr bis zu 5 kg Getreide. Ma\u00dfe: H\u00f6he: 35 cm, Breite: 24 cm, Tiefe: 21 cm, Gewicht: 2 kg. Garantie: 5 Jahre<\/p>\n","protected":false},"featured_media":15889,"comment_status":"closed","ping_status":"open","template":"","meta":[],"product_brand":[],"product_cat":[224,225,199],"product_tag":[],"class_list":{"0":"post-14904","1":"product","2":"type-product","3":"status-publish","4":"has-post-thumbnail","6":"product_cat-aufbewahrung","7":"product_cat-getreidespeicher","8":"product_cat-kuchenhelfer","10":"first","11":"outofstock","12":"taxable","13":"shipping-taxable","14":"purchasable","15":"product-type-simple"},"_links":{"self":[{"href":"https:\/\/ebay.luba.de\/index.php\/wp-json\/wp\/v2\/product\/14904","targetHints":{"allow":["GET"]}}],"collection":[{"href":"https:\/\/ebay.luba.de\/index.php\/wp-json\/wp\/v2\/product"}],"about":[{"href":"https:\/\/ebay.luba.de\/index.php\/wp-json\/wp\/v2\/types\/product"}],"replies":[{"embeddable":true,"href":"https:\/\/ebay.luba.de\/index.php\/wp-json\/wp\/v2\/comments?post=14904"}],"wp:featuredmedia":[{"embeddable":true,"href":"https:\/\/ebay.luba.de\/index.php\/wp-json\/wp\/v2\/media\/15889"}],"wp:attachment":[{"href":"https:\/\/ebay.luba.de\/index.php\/wp-json\/wp\/v2\/media?parent=14904"}],"wp:term":[{"taxonomy":"product_brand","embeddable":true,"href":"https:\/\/ebay.luba.de\/index.php\/wp-json\/wp\/v2\/product_brand?post=14904"},{"taxonomy":"product_cat","embeddable":true,"href":"https:\/\/ebay.luba.de\/index.php\/wp-json\/wp\/v2\/product_cat?post=14904"},{"taxonomy":"product_tag","embeddable":true,"href":"https:\/\/ebay.luba.de\/index.php\/wp-json\/wp\/v2\/product_tag?post=14904"}],"curies":[{"name":"wp","href":"https:\/\/api.w.org\/{rel}","templated":true}]}}