{"id":14893,"date":"2020-12-06T15:51:17","date_gmt":"2020-12-06T15:51:17","guid":{"rendered":"https:\/\/ebay.luba.de\/index.php\/product\/eschenfelder-kresse-sieb-keramik-braun-21-5-cm-o\/"},"modified":"2020-12-06T15:51:21","modified_gmt":"2020-12-06T15:51:21","slug":"eschenfelder-kresse-sieb-keramik-braun-21-5-cm-o","status":"publish","type":"product","link":"https:\/\/ebay.luba.de\/index.php\/product\/eschenfelder-kresse-sieb-keramik-braun-21-5-cm-o\/","title":{"rendered":"Eschenfelder Kresse-Sieb, Keramik braun, 21, 5 cm \u00f8"},"content":{"rendered":"<p>Speziell f\u00fcr das Anziehen der schleimbildenden Saaten wie Kresse, Rucola, Senfsaat, Basilikum etc. So haben die Wurzeln gen\u00fcgend Platz zur Erde hin zu wachsen und werden mitgeerntet, die gr\u00fcnen Bl\u00e4ttchen k\u00f6nnen dem Licht entgegenstreben. Hochwertige wei\u00df-glasierte Keramikschale mit Edelstahlsieb. Ma\u00df \u00d8 21,5 cm.<\/p>\n","protected":false},"excerpt":{"rendered":"<p>Speziell f\u00fcr das Anziehen der schleimbildenden Saaten wie Kresse, Rucola, Senfsaat, Basilikum etc. So haben die Wurzeln gen\u00fcgend Platz zur Erde hin zu wachsen und werden mitgeerntet, die gr\u00fcnen Bl\u00e4ttchen k\u00f6nnen dem Licht entgegenstreben. Hochwertige wei\u00df-glasierte Keramikschale mit Edelstahlsieb. Ma\u00df \u00d8 21,5 cm.<\/p>\n","protected":false},"featured_media":15878,"comment_status":"closed","ping_status":"open","template":"","meta":[],"product_brand":[],"product_cat":[250,215],"product_tag":[],"class_list":{"0":"post-14893","1":"product","2":"type-product","3":"status-publish","4":"has-post-thumbnail","6":"product_cat-keimgerate","7":"product_cat-kuchengerate-handbetrieb","9":"first","10":"outofstock","11":"taxable","12":"shipping-taxable","13":"purchasable","14":"product-type-simple"},"_links":{"self":[{"href":"https:\/\/ebay.luba.de\/index.php\/wp-json\/wp\/v2\/product\/14893","targetHints":{"allow":["GET"]}}],"collection":[{"href":"https:\/\/ebay.luba.de\/index.php\/wp-json\/wp\/v2\/product"}],"about":[{"href":"https:\/\/ebay.luba.de\/index.php\/wp-json\/wp\/v2\/types\/product"}],"replies":[{"embeddable":true,"href":"https:\/\/ebay.luba.de\/index.php\/wp-json\/wp\/v2\/comments?post=14893"}],"wp:featuredmedia":[{"embeddable":true,"href":"https:\/\/ebay.luba.de\/index.php\/wp-json\/wp\/v2\/media\/15878"}],"wp:attachment":[{"href":"https:\/\/ebay.luba.de\/index.php\/wp-json\/wp\/v2\/media?parent=14893"}],"wp:term":[{"taxonomy":"product_brand","embeddable":true,"href":"https:\/\/ebay.luba.de\/index.php\/wp-json\/wp\/v2\/product_brand?post=14893"},{"taxonomy":"product_cat","embeddable":true,"href":"https:\/\/ebay.luba.de\/index.php\/wp-json\/wp\/v2\/product_cat?post=14893"},{"taxonomy":"product_tag","embeddable":true,"href":"https:\/\/ebay.luba.de\/index.php\/wp-json\/wp\/v2\/product_tag?post=14893"}],"curies":[{"name":"wp","href":"https:\/\/api.w.org\/{rel}","templated":true}]}}