{"id":14890,"date":"2020-12-06T15:51:17","date_gmt":"2020-12-06T15:51:17","guid":{"rendered":"https:\/\/ebay.luba.de\/index.php\/product\/eschenfelder-kresse-sieb-keramik-weis-12-cmo\/"},"modified":"2023-09-26T06:51:12","modified_gmt":"2023-09-26T06:51:12","slug":"eschenfelder-kresse-sieb-keramik-weis-12-cmo","status":"publish","type":"product","link":"https:\/\/ebay.luba.de\/index.php\/product\/eschenfelder-kresse-sieb-keramik-weis-12-cmo\/","title":{"rendered":"Eschenfelder Kresse-Sieb, Keramik wei\u00df, 12 cm\u00f8"},"content":{"rendered":"<p>Speziell f\u00fcr die Anzucht der schleimbildenden Saaten wie Kresse, Rucola, Senfsaat, Basilikum etc. So haben die Wurzeln gen\u00fcgend Platz zur Erde hin zu wachsen und werden mitgeerntet, die gr\u00fcnen Bl\u00e4ttchen k\u00f6nnen dem Licht entgegenstreben. Hochwertige wei\u00df-glasierte Keramikschale mit Edelstahlsieb.<\/p>\n","protected":false},"excerpt":{"rendered":"<p>Speziell f\u00fcr die Anzucht der schleimbildenden Saaten wie Kresse, Rucola, Senfsaat, Basilikum etc. So haben die Wurzeln gen\u00fcgend Platz zur Erde hin zu wachsen und werden mitgeerntet, die gr\u00fcnen Bl\u00e4ttchen k\u00f6nnen dem Licht entgegenstreben. Hochwertige wei\u00df-glasierte Keramikschale mit Edelstahlsieb.<\/p>\n","protected":false},"featured_media":15875,"comment_status":"closed","ping_status":"open","template":"","meta":[],"product_brand":[],"product_cat":[261,250,215],"product_tag":[],"class_list":{"0":"post-14890","1":"product","2":"type-product","3":"status-publish","4":"has-post-thumbnail","6":"product_cat-eschenfelder-keimgerate","7":"product_cat-keimgerate","8":"product_cat-kuchengerate-handbetrieb","10":"first","11":"instock","12":"taxable","13":"shipping-taxable","14":"purchasable","15":"product-type-simple"},"_links":{"self":[{"href":"https:\/\/ebay.luba.de\/index.php\/wp-json\/wp\/v2\/product\/14890","targetHints":{"allow":["GET"]}}],"collection":[{"href":"https:\/\/ebay.luba.de\/index.php\/wp-json\/wp\/v2\/product"}],"about":[{"href":"https:\/\/ebay.luba.de\/index.php\/wp-json\/wp\/v2\/types\/product"}],"replies":[{"embeddable":true,"href":"https:\/\/ebay.luba.de\/index.php\/wp-json\/wp\/v2\/comments?post=14890"}],"wp:featuredmedia":[{"embeddable":true,"href":"https:\/\/ebay.luba.de\/index.php\/wp-json\/wp\/v2\/media\/15875"}],"wp:attachment":[{"href":"https:\/\/ebay.luba.de\/index.php\/wp-json\/wp\/v2\/media?parent=14890"}],"wp:term":[{"taxonomy":"product_brand","embeddable":true,"href":"https:\/\/ebay.luba.de\/index.php\/wp-json\/wp\/v2\/product_brand?post=14890"},{"taxonomy":"product_cat","embeddable":true,"href":"https:\/\/ebay.luba.de\/index.php\/wp-json\/wp\/v2\/product_cat?post=14890"},{"taxonomy":"product_tag","embeddable":true,"href":"https:\/\/ebay.luba.de\/index.php\/wp-json\/wp\/v2\/product_tag?post=14890"}],"curies":[{"name":"wp","href":"https:\/\/api.w.org\/{rel}","templated":true}]}}