{"id":14889,"date":"2020-12-06T15:51:17","date_gmt":"2020-12-06T15:51:17","guid":{"rendered":"https:\/\/ebay.luba.de\/index.php\/product\/abtropf-gestell-fur-3-sprossenglaser-edelstahl\/"},"modified":"2023-09-08T07:51:08","modified_gmt":"2023-09-08T07:51:08","slug":"abtropf-gestell-fur-3-sprossenglaser-edelstahl","status":"publish","type":"product","link":"https:\/\/ebay.luba.de\/index.php\/product\/abtropf-gestell-fur-3-sprossenglaser-edelstahl\/","title":{"rendered":"Abtropf-Gestell f\u00fcr 3 Sprossengl\u00e4ser Edelstahl"},"content":{"rendered":"<p>Hochwertiges Edelstahlgestell, als Abtropfhilfe f\u00fcr 3 Sprossengl\u00e4ser.<\/p>\n","protected":false},"excerpt":{"rendered":"<p>Hochwertiges Edelstahlgestell, als Abtropfhilfe f\u00fcr 3 Sprossengl\u00e4ser.<\/p>\n","protected":false},"featured_media":15874,"comment_status":"closed","ping_status":"open","template":"","meta":[],"product_brand":[],"product_cat":[261,250,215],"product_tag":[],"class_list":{"0":"post-14889","1":"product","2":"type-product","3":"status-publish","4":"has-post-thumbnail","6":"product_cat-eschenfelder-keimgerate","7":"product_cat-keimgerate","8":"product_cat-kuchengerate-handbetrieb","10":"first","11":"instock","12":"taxable","13":"shipping-taxable","14":"purchasable","15":"product-type-simple"},"_links":{"self":[{"href":"https:\/\/ebay.luba.de\/index.php\/wp-json\/wp\/v2\/product\/14889","targetHints":{"allow":["GET"]}}],"collection":[{"href":"https:\/\/ebay.luba.de\/index.php\/wp-json\/wp\/v2\/product"}],"about":[{"href":"https:\/\/ebay.luba.de\/index.php\/wp-json\/wp\/v2\/types\/product"}],"replies":[{"embeddable":true,"href":"https:\/\/ebay.luba.de\/index.php\/wp-json\/wp\/v2\/comments?post=14889"}],"wp:featuredmedia":[{"embeddable":true,"href":"https:\/\/ebay.luba.de\/index.php\/wp-json\/wp\/v2\/media\/15874"}],"wp:attachment":[{"href":"https:\/\/ebay.luba.de\/index.php\/wp-json\/wp\/v2\/media?parent=14889"}],"wp:term":[{"taxonomy":"product_brand","embeddable":true,"href":"https:\/\/ebay.luba.de\/index.php\/wp-json\/wp\/v2\/product_brand?post=14889"},{"taxonomy":"product_cat","embeddable":true,"href":"https:\/\/ebay.luba.de\/index.php\/wp-json\/wp\/v2\/product_cat?post=14889"},{"taxonomy":"product_tag","embeddable":true,"href":"https:\/\/ebay.luba.de\/index.php\/wp-json\/wp\/v2\/product_tag?post=14889"}],"curies":[{"name":"wp","href":"https:\/\/api.w.org\/{rel}","templated":true}]}}