{"id":14887,"date":"2020-12-06T15:51:17","date_gmt":"2020-12-06T15:51:17","guid":{"rendered":"https:\/\/ebay.luba.de\/index.php\/product\/eschenfelder-sprossenglas-750-ml\/"},"modified":"2022-11-28T14:09:25","modified_gmt":"2022-11-28T14:09:25","slug":"eschenfelder-sprossenglas-750-ml","status":"publish","type":"product","link":"https:\/\/ebay.luba.de\/index.php\/product\/eschenfelder-sprossenglas-750-ml\/","title":{"rendered":"Eschenfelder Sprossenglas 750 ml"},"content":{"rendered":"<p>Ernten Sie t\u00e4glich das ganze Jahr \u00fcber Vitalit\u00e4t und Gesundheit. Das Sprossenglas mit Edelstahlsieb dient der Anzucht von k\u00f6stlichen, frischen Sprossen aus Getreide, H\u00fclsenfr\u00fcchten, Radieschen, Alfalfa uvm. Einfach und sauber in der Anwendung, gelingt das Anziehen ohne Erde m\u00fchelos.  Erweiterbar auch als Set = Glas + Abtropfgestell oder als System = Glas + Abtropfgestell + Auffangschale<\/p>\n","protected":false},"excerpt":{"rendered":"<p>Ernten Sie t\u00e4glich das ganze Jahr \u00fcber Vitalit\u00e4t und Gesundheit. Das Sprossenglas mit Edelstahlsieb dient der Anzucht von k\u00f6stlichen, frischen Sprossen aus Getreide, H\u00fclsenfr\u00fcchten, Radieschen, Alfalfa uvm. Einfach und sauber in der Anwendung, gelingt das Anziehen ohne Erde m\u00fchelos. Erweiterbar auch als Set = Glas + Abtropfgestell oder als System = Glas + Abtropfgestell + [&hellip;]<\/p>\n","protected":false},"featured_media":15872,"comment_status":"closed","ping_status":"open","template":"","meta":[],"product_brand":[],"product_cat":[261,250,215],"product_tag":[],"class_list":{"0":"post-14887","1":"product","2":"type-product","3":"status-publish","4":"has-post-thumbnail","6":"product_cat-eschenfelder-keimgerate","7":"product_cat-keimgerate","8":"product_cat-kuchengerate-handbetrieb","10":"first","11":"instock","12":"taxable","13":"shipping-taxable","14":"purchasable","15":"product-type-simple"},"_links":{"self":[{"href":"https:\/\/ebay.luba.de\/index.php\/wp-json\/wp\/v2\/product\/14887","targetHints":{"allow":["GET"]}}],"collection":[{"href":"https:\/\/ebay.luba.de\/index.php\/wp-json\/wp\/v2\/product"}],"about":[{"href":"https:\/\/ebay.luba.de\/index.php\/wp-json\/wp\/v2\/types\/product"}],"replies":[{"embeddable":true,"href":"https:\/\/ebay.luba.de\/index.php\/wp-json\/wp\/v2\/comments?post=14887"}],"wp:featuredmedia":[{"embeddable":true,"href":"https:\/\/ebay.luba.de\/index.php\/wp-json\/wp\/v2\/media\/15872"}],"wp:attachment":[{"href":"https:\/\/ebay.luba.de\/index.php\/wp-json\/wp\/v2\/media?parent=14887"}],"wp:term":[{"taxonomy":"product_brand","embeddable":true,"href":"https:\/\/ebay.luba.de\/index.php\/wp-json\/wp\/v2\/product_brand?post=14887"},{"taxonomy":"product_cat","embeddable":true,"href":"https:\/\/ebay.luba.de\/index.php\/wp-json\/wp\/v2\/product_cat?post=14887"},{"taxonomy":"product_tag","embeddable":true,"href":"https:\/\/ebay.luba.de\/index.php\/wp-json\/wp\/v2\/product_tag?post=14887"}],"curies":[{"name":"wp","href":"https:\/\/api.w.org\/{rel}","templated":true}]}}