{"id":14878,"date":"2020-12-06T15:51:05","date_gmt":"2020-12-06T15:51:05","guid":{"rendered":"https:\/\/ebay.luba.de\/index.php\/product\/hs-getreidespender-3-kg-ohne-wandhalter\/"},"modified":"2023-09-26T06:51:12","modified_gmt":"2023-09-26T06:51:12","slug":"hs-getreidespender-3-kg-ohne-wandhalter","status":"publish","type":"product","link":"https:\/\/ebay.luba.de\/index.php\/product\/hs-getreidespender-3-kg-ohne-wandhalter\/","title":{"rendered":"HS-Getreidespender 3 kg ohne Wandhalter"},"content":{"rendered":"<p>In diesen Getreides\u00e4cken k\u00f6nnen alle Getreidearten optimal f\u00fcr lange Zeit lagern. Die S\u00e4cke sind aus naturbelassener Baumwolle. Bei der Entnahme rieselt das Korn nach, es kommt in Bewegung, was f\u00fcr eine gesunde, bel\u00fcftete Lagerung sorgt. Ma\u00dfe BxTxH 140 x 140 x 500 mm. Nur der 3 kg Getreidesack ist bei Lieferung enthalten.<\/p>\n","protected":false},"excerpt":{"rendered":"<p>In diesen Getreides\u00e4cken k\u00f6nnen alle Getreidearten optimal f\u00fcr lange Zeit lagern. Die S\u00e4cke sind aus naturbelassener Baumwolle. Bei der Entnahme rieselt das Korn nach, es kommt in Bewegung, was f\u00fcr eine gesunde, bel\u00fcftete Lagerung sorgt. Ma\u00dfe BxTxH 140 x 140 x 500 mm. Nur der 3 kg Getreidesack ist bei Lieferung enthalten.<\/p>\n","protected":false},"featured_media":15863,"comment_status":"closed","ping_status":"open","template":"","meta":[],"product_brand":[],"product_cat":[224,225,199],"product_tag":[],"class_list":{"0":"post-14878","1":"product","2":"type-product","3":"status-publish","4":"has-post-thumbnail","6":"product_cat-aufbewahrung","7":"product_cat-getreidespeicher","8":"product_cat-kuchenhelfer","10":"first","11":"instock","12":"taxable","13":"shipping-taxable","14":"purchasable","15":"product-type-simple"},"_links":{"self":[{"href":"https:\/\/ebay.luba.de\/index.php\/wp-json\/wp\/v2\/product\/14878","targetHints":{"allow":["GET"]}}],"collection":[{"href":"https:\/\/ebay.luba.de\/index.php\/wp-json\/wp\/v2\/product"}],"about":[{"href":"https:\/\/ebay.luba.de\/index.php\/wp-json\/wp\/v2\/types\/product"}],"replies":[{"embeddable":true,"href":"https:\/\/ebay.luba.de\/index.php\/wp-json\/wp\/v2\/comments?post=14878"}],"wp:featuredmedia":[{"embeddable":true,"href":"https:\/\/ebay.luba.de\/index.php\/wp-json\/wp\/v2\/media\/15863"}],"wp:attachment":[{"href":"https:\/\/ebay.luba.de\/index.php\/wp-json\/wp\/v2\/media?parent=14878"}],"wp:term":[{"taxonomy":"product_brand","embeddable":true,"href":"https:\/\/ebay.luba.de\/index.php\/wp-json\/wp\/v2\/product_brand?post=14878"},{"taxonomy":"product_cat","embeddable":true,"href":"https:\/\/ebay.luba.de\/index.php\/wp-json\/wp\/v2\/product_cat?post=14878"},{"taxonomy":"product_tag","embeddable":true,"href":"https:\/\/ebay.luba.de\/index.php\/wp-json\/wp\/v2\/product_tag?post=14878"}],"curies":[{"name":"wp","href":"https:\/\/api.w.org\/{rel}","templated":true}]}}