{"id":14872,"date":"2020-12-06T15:51:05","date_gmt":"2020-12-06T15:51:05","guid":{"rendered":"https:\/\/ebay.luba.de\/index.php\/product\/kornkraft-toscana-larche\/"},"modified":"2021-03-25T07:50:57","modified_gmt":"2021-03-25T07:50:57","slug":"kornkraft-toscana-larche","status":"publish","type":"product","link":"https:\/\/ebay.luba.de\/index.php\/product\/kornkraft-toscana-larche\/","title":{"rendered":"Kornkraft Toscana L\u00e4rche"},"content":{"rendered":"<p>Toscana, die Starke. Sie ist der Turbo unter den Handm\u00fchlen. Ob feines Mehl oder M\u00fcslischrot &#8211; mit der Toscana mahlen Sie leicht auch gr\u00f6\u00dfere Mengen. Sie mahlt alle Getreidesorten au\u00dfer Mais. \u00d6lsaaten nur unter Beimischung von Getreide. Leistung: Grob: 120 Gramm Weizen\/Minute (entspricht drei Portionen M\u00fcsli), Fein: 60 Gramm Weizen\/Minute, Mahlfeinheit: Stufenlos einstellbar von M\u00fcsli bis mehlfein, F\u00fcllmenge: 600 Gramm, Ma\u00dfe:Korpus H x B x T: 23,5 x 22,5 x 23,5 cm, Kurbelradius: 20,5 cm, Gewicht: 4 kg. Zubeh\u00f6r: Inklusive 2 Tischhalter zur sicheren Montage auf Arbeitsfl\u00e4chen bis 4,5 cm St\u00e4rke. Garantie: 10 Jahre.<\/p>\n","protected":false},"excerpt":{"rendered":"<p>Toscana, die Starke. Sie ist der Turbo unter den Handm\u00fchlen. Ob feines Mehl oder M\u00fcslischrot &#8211; mit der Toscana mahlen Sie leicht auch gr\u00f6\u00dfere Mengen. Sie mahlt alle Getreidesorten au\u00dfer Mais. \u00d6lsaaten nur unter Beimischung von Getreide. Leistung: Grob: 120 Gramm Weizen\/Minute (entspricht drei Portionen M\u00fcsli), Fein: 60 Gramm Weizen\/Minute, Mahlfeinheit: Stufenlos einstellbar von M\u00fcsli [&hellip;]<\/p>\n","protected":false},"featured_media":15857,"comment_status":"closed","ping_status":"open","template":"","meta":[],"product_brand":[],"product_cat":[218,215],"product_tag":[],"class_list":{"0":"post-14872","1":"product","2":"type-product","3":"status-publish","4":"has-post-thumbnail","6":"product_cat-getreidemuhlen","7":"product_cat-kuchengerate-handbetrieb","9":"first","10":"outofstock","11":"taxable","12":"shipping-taxable","13":"purchasable","14":"product-type-simple"},"_links":{"self":[{"href":"https:\/\/ebay.luba.de\/index.php\/wp-json\/wp\/v2\/product\/14872","targetHints":{"allow":["GET"]}}],"collection":[{"href":"https:\/\/ebay.luba.de\/index.php\/wp-json\/wp\/v2\/product"}],"about":[{"href":"https:\/\/ebay.luba.de\/index.php\/wp-json\/wp\/v2\/types\/product"}],"replies":[{"embeddable":true,"href":"https:\/\/ebay.luba.de\/index.php\/wp-json\/wp\/v2\/comments?post=14872"}],"wp:featuredmedia":[{"embeddable":true,"href":"https:\/\/ebay.luba.de\/index.php\/wp-json\/wp\/v2\/media\/15857"}],"wp:attachment":[{"href":"https:\/\/ebay.luba.de\/index.php\/wp-json\/wp\/v2\/media?parent=14872"}],"wp:term":[{"taxonomy":"product_brand","embeddable":true,"href":"https:\/\/ebay.luba.de\/index.php\/wp-json\/wp\/v2\/product_brand?post=14872"},{"taxonomy":"product_cat","embeddable":true,"href":"https:\/\/ebay.luba.de\/index.php\/wp-json\/wp\/v2\/product_cat?post=14872"},{"taxonomy":"product_tag","embeddable":true,"href":"https:\/\/ebay.luba.de\/index.php\/wp-json\/wp\/v2\/product_tag?post=14872"}],"curies":[{"name":"wp","href":"https:\/\/api.w.org\/{rel}","templated":true}]}}