{"id":14871,"date":"2020-12-06T15:51:05","date_gmt":"2020-12-06T15:51:05","guid":{"rendered":"https:\/\/ebay.luba.de\/index.php\/product\/kornkraft-terra-luna-die-kugelmuhle\/"},"modified":"2022-11-28T14:09:23","modified_gmt":"2022-11-28T14:09:23","slug":"kornkraft-terra-luna-die-kugelmuhle","status":"publish","type":"product","link":"https:\/\/ebay.luba.de\/index.php\/product\/kornkraft-terra-luna-die-kugelmuhle\/","title":{"rendered":"Kornkraft Terra-Luna, die Kugelm\u00fchle"},"content":{"rendered":"<p>Ohne Ecken und Kanten kommt sie aus &#8211; und einem Planeten gleich dreht sich der Kurbelknauf um den streichelglatten Korpus aus Buchenholz. Sie mahlt alle Getreidesorten au\u00dfer Mais. \u00d6lsaaten nur unter Beimischung von Getreide. Leistung: Grob: 110 Gramm Weizen\/Minute (entspricht drei Portionen M\u00fcsli), Fein: 50 Gramm Weizen\/Minute. F\u00fcllmenge: 400 Gramm. Ma\u00dfe: Korpus: 16,5 cm , Gesamth\u00f6he: 30,5 cm Oberkante Kurbel, Stellfl\u00e4che: 24,5 x 20,5 cm, Kurbelradius: 20 cm, Gewicht: 2,5 kg. Garantie: 10 Jahre, Zubeh\u00f6r: Inklusive zwei Tischhalter zur sicheren Montage auf Arbeitsfl\u00e4chen bis 5 cm St\u00e4rke.<\/p>\n","protected":false},"excerpt":{"rendered":"<p>Ohne Ecken und Kanten kommt sie aus &#8211; und einem Planeten gleich dreht sich der Kurbelknauf um den streichelglatten Korpus aus Buchenholz. Sie mahlt alle Getreidesorten au\u00dfer Mais. \u00d6lsaaten nur unter Beimischung von Getreide. Leistung: Grob: 110 Gramm Weizen\/Minute (entspricht drei Portionen M\u00fcsli), Fein: 50 Gramm Weizen\/Minute. F\u00fcllmenge: 400 Gramm. Ma\u00dfe: Korpus: 16,5 cm , [&hellip;]<\/p>\n","protected":false},"featured_media":15856,"comment_status":"closed","ping_status":"open","template":"","meta":[],"product_brand":[],"product_cat":[218,231,215],"product_tag":[],"class_list":{"0":"post-14871","1":"product","2":"type-product","3":"status-publish","4":"has-post-thumbnail","6":"product_cat-getreidemuhlen","7":"product_cat-handbetrieben","8":"product_cat-kuchengerate-handbetrieb","10":"first","11":"outofstock","12":"taxable","13":"shipping-taxable","14":"purchasable","15":"product-type-simple"},"_links":{"self":[{"href":"https:\/\/ebay.luba.de\/index.php\/wp-json\/wp\/v2\/product\/14871","targetHints":{"allow":["GET"]}}],"collection":[{"href":"https:\/\/ebay.luba.de\/index.php\/wp-json\/wp\/v2\/product"}],"about":[{"href":"https:\/\/ebay.luba.de\/index.php\/wp-json\/wp\/v2\/types\/product"}],"replies":[{"embeddable":true,"href":"https:\/\/ebay.luba.de\/index.php\/wp-json\/wp\/v2\/comments?post=14871"}],"wp:featuredmedia":[{"embeddable":true,"href":"https:\/\/ebay.luba.de\/index.php\/wp-json\/wp\/v2\/media\/15856"}],"wp:attachment":[{"href":"https:\/\/ebay.luba.de\/index.php\/wp-json\/wp\/v2\/media?parent=14871"}],"wp:term":[{"taxonomy":"product_brand","embeddable":true,"href":"https:\/\/ebay.luba.de\/index.php\/wp-json\/wp\/v2\/product_brand?post=14871"},{"taxonomy":"product_cat","embeddable":true,"href":"https:\/\/ebay.luba.de\/index.php\/wp-json\/wp\/v2\/product_cat?post=14871"},{"taxonomy":"product_tag","embeddable":true,"href":"https:\/\/ebay.luba.de\/index.php\/wp-json\/wp\/v2\/product_tag?post=14871"}],"curies":[{"name":"wp","href":"https:\/\/api.w.org\/{rel}","templated":true}]}}