{"id":14870,"date":"2020-12-06T15:51:05","date_gmt":"2020-12-06T15:51:05","guid":{"rendered":"https:\/\/ebay.luba.de\/index.php\/product\/kornkraft-farina\/"},"modified":"2023-09-26T06:51:11","modified_gmt":"2023-09-26T06:51:11","slug":"kornkraft-farina","status":"publish","type":"product","link":"https:\/\/ebay.luba.de\/index.php\/product\/kornkraft-farina\/","title":{"rendered":"Kornkraft Farina"},"content":{"rendered":"<p>Auch Kinder mahlen gern Getreide von Hand.\u00a0 In vielen Kinderg\u00e4rten wird die Farina seit Jahren benutzt da das Handmahlen mit der Kornkraft kinderleicht ist.<br \/>\nLeistungsstark, standfest und individuell einstellbar.<br \/>\nMit der Kornkraft FARINA k\u00f6nnen Sie alle Getreidearten mahlen.<br \/>\nDie Mahlfeinheit ist stufenlos einstellbar von grob (Schrot) bis fein (Mehl). Grob eingestellt verarbeitet sie Hafer sogar zu feinen Flocken.<\/p>\n<p><strong>Standsicher<\/strong>\u00a0durch grosse Dreipunktstandfl\u00e4che<\/p>\n<p><strong>Rutschfest<\/strong>\u00a0und oberfl\u00e4chenschonend durch Korkf\u00fc\u00dfe<\/p>\n<p><strong>Befestigt<\/strong>\u00a0durch stabile Tischklammer (inklusive)<\/p>\n<p><strong>Geh\u00e4use:<\/strong> Aus Deutschem L\u00e4rchenholz gefertigt und mit nat\u00fcrlichem Bienenwachsbalsam behandelt. Die Kurbel ist kugelgelagert und somit \u00e4u\u00dferst leichtg\u00e4ngig.<\/p>\n<p><strong>Das Herz<\/strong>\u00a0der M\u00fchle ist ein robustes Steinmahlwerk<\/p>\n<p><strong>Mahlstein:\u00a0<\/strong>Naxos-Basalt, in Magnesit-Salz-Bindung<\/p>\n<p><strong>Mahlgut:<\/strong>\u00a0Alle Getreidearten<\/p>\n<p><strong>Mahlleistung:<\/strong><br \/>\nGrob: 90 Gramm Weizen pro Minute<br \/>\nFein: 35 Gramm Weizen pro Minute<\/p>\n<p><strong>Trichterinhalt:<\/strong>\u00a0450g<\/p>\n<p><strong>H\u00f6he:<\/strong>\u00a034 cm<\/p>\n<p><strong>Gewicht:<\/strong>\u00a01800 g<\/p>\n<p><strong>Seit \u00fcber 25 Jahren<\/strong> bew\u00e4hrt. Aufgrund ausgereifter Technik, hochwertiger Materialien und solider Verarbeitung gew\u00e4hrt Kornkraft Ihnen auf das Modell FARINA 10 Jahre Herstellergarantie<\/p>\n<p><strong>Garantie:<\/strong>\u00a010 Jahre<\/p>\n","protected":false},"excerpt":{"rendered":"<p>Auch Kinder mahlen gern Getreide von Hand.\u00a0 In vielen Kinderg\u00e4rten wird die Farina seit Jahren benutzt da das Handmahlen mit der Kornkraft kinderleicht ist. Leistungsstark, standfest und individuell einstellbar. Mit der Kornkraft FARINA k\u00f6nnen Sie alle Getreidearten mahlen. Die Mahlfeinheit ist stufenlos einstellbar von grob (Schrot) bis fein (Mehl). Grob eingestellt verarbeitet sie Hafer sogar [&hellip;]<\/p>\n","protected":false},"featured_media":15855,"comment_status":"closed","ping_status":"open","template":"","meta":[],"product_brand":[],"product_cat":[218,231,215],"product_tag":[],"class_list":{"0":"post-14870","1":"product","2":"type-product","3":"status-publish","4":"has-post-thumbnail","6":"product_cat-getreidemuhlen","7":"product_cat-handbetrieben","8":"product_cat-kuchengerate-handbetrieb","10":"first","11":"instock","12":"taxable","13":"shipping-taxable","14":"purchasable","15":"product-type-simple"},"_links":{"self":[{"href":"https:\/\/ebay.luba.de\/index.php\/wp-json\/wp\/v2\/product\/14870","targetHints":{"allow":["GET"]}}],"collection":[{"href":"https:\/\/ebay.luba.de\/index.php\/wp-json\/wp\/v2\/product"}],"about":[{"href":"https:\/\/ebay.luba.de\/index.php\/wp-json\/wp\/v2\/types\/product"}],"replies":[{"embeddable":true,"href":"https:\/\/ebay.luba.de\/index.php\/wp-json\/wp\/v2\/comments?post=14870"}],"wp:featuredmedia":[{"embeddable":true,"href":"https:\/\/ebay.luba.de\/index.php\/wp-json\/wp\/v2\/media\/15855"}],"wp:attachment":[{"href":"https:\/\/ebay.luba.de\/index.php\/wp-json\/wp\/v2\/media?parent=14870"}],"wp:term":[{"taxonomy":"product_brand","embeddable":true,"href":"https:\/\/ebay.luba.de\/index.php\/wp-json\/wp\/v2\/product_brand?post=14870"},{"taxonomy":"product_cat","embeddable":true,"href":"https:\/\/ebay.luba.de\/index.php\/wp-json\/wp\/v2\/product_cat?post=14870"},{"taxonomy":"product_tag","embeddable":true,"href":"https:\/\/ebay.luba.de\/index.php\/wp-json\/wp\/v2\/product_tag?post=14870"}],"curies":[{"name":"wp","href":"https:\/\/api.w.org\/{rel}","templated":true}]}}