{"id":14869,"date":"2020-12-06T15:51:05","date_gmt":"2020-12-06T15:51:05","guid":{"rendered":"https:\/\/ebay.luba.de\/index.php\/product\/kornkraft-pfeffermuhle\/"},"modified":"2022-12-20T15:51:05","modified_gmt":"2022-12-20T15:51:05","slug":"kornkraft-pfeffermuhle","status":"publish","type":"product","link":"https:\/\/ebay.luba.de\/index.php\/product\/kornkraft-pfeffermuhle\/","title":{"rendered":"Kornkraft Pfefferm\u00fchle"},"content":{"rendered":"<p>Die Pfefferm\u00fchle hat ein Naturkorund-Steinmahlwerk. Mit diesem Steinmahlwerk erhalten Sie flockig gemahlenen Pfeffer. Dadurch entfaltet sich das Aroma des Pfeffers besonders gut. Die M\u00fchle hat eine sehr gute Mahlleistung. Das Geh\u00e4use ist im Buchenholz-Design mit biologischem Auro-Bienenwachsbalsam behandelt. Die Trichterf\u00fcllmenge beinhaltet 150 Gramm. Die M\u00fchle hat eine H\u00f6he von 28,5 cm, der M\u00fchlen \u00d8 ist 7 cm, Kurbelradius: 11 cm, Garantie: 5 Jahre<\/p>\n","protected":false},"excerpt":{"rendered":"<p>Die Pfefferm\u00fchle hat ein Naturkorund-Steinmahlwerk. Mit diesem Steinmahlwerk erhalten Sie flockig gemahlenen Pfeffer. Dadurch entfaltet sich das Aroma des Pfeffers besonders gut. Die M\u00fchle hat eine sehr gute Mahlleistung. Das Geh\u00e4use ist im Buchenholz-Design mit biologischem Auro-Bienenwachsbalsam behandelt. Die Trichterf\u00fcllmenge beinhaltet 150 Gramm. Die M\u00fchle hat eine H\u00f6he von 28,5 cm, der M\u00fchlen \u00d8 ist [&hellip;]<\/p>\n","protected":false},"featured_media":15854,"comment_status":"closed","ping_status":"open","template":"","meta":[],"product_brand":[],"product_cat":[199],"product_tag":[],"class_list":{"0":"post-14869","1":"product","2":"type-product","3":"status-publish","4":"has-post-thumbnail","6":"product_cat-kuchenhelfer","8":"first","9":"outofstock","10":"taxable","11":"shipping-taxable","12":"purchasable","13":"product-type-simple"},"_links":{"self":[{"href":"https:\/\/ebay.luba.de\/index.php\/wp-json\/wp\/v2\/product\/14869","targetHints":{"allow":["GET"]}}],"collection":[{"href":"https:\/\/ebay.luba.de\/index.php\/wp-json\/wp\/v2\/product"}],"about":[{"href":"https:\/\/ebay.luba.de\/index.php\/wp-json\/wp\/v2\/types\/product"}],"replies":[{"embeddable":true,"href":"https:\/\/ebay.luba.de\/index.php\/wp-json\/wp\/v2\/comments?post=14869"}],"wp:featuredmedia":[{"embeddable":true,"href":"https:\/\/ebay.luba.de\/index.php\/wp-json\/wp\/v2\/media\/15854"}],"wp:attachment":[{"href":"https:\/\/ebay.luba.de\/index.php\/wp-json\/wp\/v2\/media?parent=14869"}],"wp:term":[{"taxonomy":"product_brand","embeddable":true,"href":"https:\/\/ebay.luba.de\/index.php\/wp-json\/wp\/v2\/product_brand?post=14869"},{"taxonomy":"product_cat","embeddable":true,"href":"https:\/\/ebay.luba.de\/index.php\/wp-json\/wp\/v2\/product_cat?post=14869"},{"taxonomy":"product_tag","embeddable":true,"href":"https:\/\/ebay.luba.de\/index.php\/wp-json\/wp\/v2\/product_tag?post=14869"}],"curies":[{"name":"wp","href":"https:\/\/api.w.org\/{rel}","templated":true}]}}