{"id":14866,"date":"2020-12-06T15:51:05","date_gmt":"2020-12-06T15:51:05","guid":{"rendered":"https:\/\/ebay.luba.de\/index.php\/product\/kornkraft-vagabund-classic\/"},"modified":"2023-09-26T06:51:11","modified_gmt":"2023-09-26T06:51:11","slug":"kornkraft-vagabund-classic","status":"publish","type":"product","link":"https:\/\/ebay.luba.de\/index.php\/product\/kornkraft-vagabund-classic\/","title":{"rendered":"Kornkraft Vagabund classic"},"content":{"rendered":"<h2>Kornkraft Vagabund classic Handm\u00fchle<\/h2>\n<p>Ob als Zweit- oder als Einstiegsm\u00fchle, ob im Rucksack oder in der Aktentasche &#8211; die kommt mit. F\u00fcr M\u00fcsli oder auch mal f\u00fcr feines Mehl h\u00e4lt das kleine Energieb\u00fcndel jedem Test stand und mahlt alle Getreidesorten &#8211; au\u00dfer Mais &#8211; im Handumdrehen. \u00d6lsaaten nur unter Beimischung von Getreide.<\/p>\n<p>Geh\u00e4use: Buche<br \/>\nOberfl\u00e4che: Mit nat\u00fcrlichem Auro-Bienenwachsbalsam behandelt.<\/p>\n<p>Leistung:<br \/>\nGrob: 90 Gramm Weizen\/Minute (entspricht zwei Portionen M\u00fcsli)<br \/>\nFein: 30 Gramm Weizen \/ Minute<\/p>\n<p>F\u00fcllmenge: 150 Gramm<\/p>\n<p>Ma\u00dfe: H\u00f6he: 35 cm<\/p>\n<p>Durchmesser: 7,5 cm<\/p>\n<p>Kurbelradius: 11 cm<\/p>\n<p>Gewicht: 650 Gramm<\/p>\n<p>Garantie: 10 Jahre.<\/p>\n","protected":false},"excerpt":{"rendered":"<p>Kornkraft Vagabund classic Handm\u00fchle Ob als Zweit- oder als Einstiegsm\u00fchle, ob im Rucksack oder in der Aktentasche &#8211; die kommt mit. F\u00fcr M\u00fcsli oder auch mal f\u00fcr feines Mehl h\u00e4lt das kleine Energieb\u00fcndel jedem Test stand und mahlt alle Getreidesorten &#8211; au\u00dfer Mais &#8211; im Handumdrehen. \u00d6lsaaten nur unter Beimischung von Getreide. Geh\u00e4use: Buche Oberfl\u00e4che: [&hellip;]<\/p>\n","protected":false},"featured_media":15851,"comment_status":"closed","ping_status":"open","template":"","meta":[],"product_brand":[],"product_cat":[218,231,215],"product_tag":[],"class_list":{"0":"post-14866","1":"product","2":"type-product","3":"status-publish","4":"has-post-thumbnail","6":"product_cat-getreidemuhlen","7":"product_cat-handbetrieben","8":"product_cat-kuchengerate-handbetrieb","10":"first","11":"instock","12":"taxable","13":"shipping-taxable","14":"purchasable","15":"product-type-simple"},"_links":{"self":[{"href":"https:\/\/ebay.luba.de\/index.php\/wp-json\/wp\/v2\/product\/14866","targetHints":{"allow":["GET"]}}],"collection":[{"href":"https:\/\/ebay.luba.de\/index.php\/wp-json\/wp\/v2\/product"}],"about":[{"href":"https:\/\/ebay.luba.de\/index.php\/wp-json\/wp\/v2\/types\/product"}],"replies":[{"embeddable":true,"href":"https:\/\/ebay.luba.de\/index.php\/wp-json\/wp\/v2\/comments?post=14866"}],"wp:featuredmedia":[{"embeddable":true,"href":"https:\/\/ebay.luba.de\/index.php\/wp-json\/wp\/v2\/media\/15851"}],"wp:attachment":[{"href":"https:\/\/ebay.luba.de\/index.php\/wp-json\/wp\/v2\/media?parent=14866"}],"wp:term":[{"taxonomy":"product_brand","embeddable":true,"href":"https:\/\/ebay.luba.de\/index.php\/wp-json\/wp\/v2\/product_brand?post=14866"},{"taxonomy":"product_cat","embeddable":true,"href":"https:\/\/ebay.luba.de\/index.php\/wp-json\/wp\/v2\/product_cat?post=14866"},{"taxonomy":"product_tag","embeddable":true,"href":"https:\/\/ebay.luba.de\/index.php\/wp-json\/wp\/v2\/product_tag?post=14866"}],"curies":[{"name":"wp","href":"https:\/\/api.w.org\/{rel}","templated":true}]}}