{"id":14859,"date":"2020-12-06T15:50:53","date_gmt":"2020-12-06T15:50:53","guid":{"rendered":"https:\/\/ebay.luba.de\/index.php\/product\/brett-zur-pegasus-aufnahme\/"},"modified":"2023-09-26T06:51:11","modified_gmt":"2023-09-26T06:51:11","slug":"brett-zur-pegasus-aufnahme","status":"publish","type":"product","link":"https:\/\/ebay.luba.de\/index.php\/product\/brett-zur-pegasus-aufnahme\/","title":{"rendered":"Brett zur Pegasus-Aufnahme"},"content":{"rendered":"<p>Ist die Standfl\u00e4che, auf der die M\u00fchle stehen soll, zu kurz, l\u00e4sst sich dies mit einem speziellen Unterbrett beheben. Das Brett ist aus Buchen-Multiplex-Holz.<\/p>\n","protected":false},"excerpt":{"rendered":"<p>Ist die Standfl\u00e4che, auf der die M\u00fchle stehen soll, zu kurz, l\u00e4sst sich dies mit einem speziellen Unterbrett beheben. Das Brett ist aus Buchen-Multiplex-Holz.<\/p>\n","protected":false},"featured_media":15842,"comment_status":"closed","ping_status":"open","template":"","meta":[],"product_brand":[],"product_cat":[259,235],"product_tag":[],"class_list":{"0":"post-14859","1":"product","2":"type-product","3":"status-publish","4":"has-post-thumbnail","6":"product_cat-getreidemuhlen-gewerbegerate","7":"product_cat-gewerbegerate","9":"first","10":"instock","11":"taxable","12":"shipping-taxable","13":"purchasable","14":"product-type-simple"},"_links":{"self":[{"href":"https:\/\/ebay.luba.de\/index.php\/wp-json\/wp\/v2\/product\/14859","targetHints":{"allow":["GET"]}}],"collection":[{"href":"https:\/\/ebay.luba.de\/index.php\/wp-json\/wp\/v2\/product"}],"about":[{"href":"https:\/\/ebay.luba.de\/index.php\/wp-json\/wp\/v2\/types\/product"}],"replies":[{"embeddable":true,"href":"https:\/\/ebay.luba.de\/index.php\/wp-json\/wp\/v2\/comments?post=14859"}],"wp:featuredmedia":[{"embeddable":true,"href":"https:\/\/ebay.luba.de\/index.php\/wp-json\/wp\/v2\/media\/15842"}],"wp:attachment":[{"href":"https:\/\/ebay.luba.de\/index.php\/wp-json\/wp\/v2\/media?parent=14859"}],"wp:term":[{"taxonomy":"product_brand","embeddable":true,"href":"https:\/\/ebay.luba.de\/index.php\/wp-json\/wp\/v2\/product_brand?post=14859"},{"taxonomy":"product_cat","embeddable":true,"href":"https:\/\/ebay.luba.de\/index.php\/wp-json\/wp\/v2\/product_cat?post=14859"},{"taxonomy":"product_tag","embeddable":true,"href":"https:\/\/ebay.luba.de\/index.php\/wp-json\/wp\/v2\/product_tag?post=14859"}],"curies":[{"name":"wp","href":"https:\/\/api.w.org\/{rel}","templated":true}]}}