{"id":14855,"date":"2020-12-06T15:50:53","date_gmt":"2020-12-06T15:50:53","guid":{"rendered":"https:\/\/ebay.luba.de\/index.php\/product\/hawos-pegasus-ladenmuhle-400-volt-drehstrom\/"},"modified":"2023-09-26T06:51:11","modified_gmt":"2023-09-26T06:51:11","slug":"hawos-pegasus-ladenmuhle-400-volt-drehstrom","status":"publish","type":"product","link":"https:\/\/ebay.luba.de\/index.php\/product\/hawos-pegasus-ladenmuhle-400-volt-drehstrom\/","title":{"rendered":"hawos Pegasus Ladenm\u00fchle 400 Volt (Drehstrom)"},"content":{"rendered":"<p>Pegasus mit extra gro\u00dfem Trichter ist die ideale M\u00fchle f\u00fcr alle Gro\u00dfverbraucher mit einem hohen Bedarf an frischem Mahlgut verschiedenster Art. Feines, weiches Mehl oder grobes Schrot, gemahlen durch extrem haltbare Mahlsteine aus Korund\/Keramik, 125 mm \u00f8. Die M\u00fchle ist aus Buchen-Multiplex-Holz. Motorleistung: 750 Watt\/400 Volt (Drehstrom), f\u00fcr Dauerbetrieb geeignet. Mahlleistung fein ca. 350 g\/min. Ma\u00dfe: H 650 x B 270 x T 660 mm.<\/p>\n","protected":false},"excerpt":{"rendered":"<p>Pegasus mit extra gro\u00dfem Trichter ist die ideale M\u00fchle f\u00fcr alle Gro\u00dfverbraucher mit einem hohen Bedarf an frischem Mahlgut verschiedenster Art. Feines, weiches Mehl oder grobes Schrot, gemahlen durch extrem haltbare Mahlsteine aus Korund\/Keramik, 125 mm \u00f8. Die M\u00fchle ist aus Buchen-Multiplex-Holz. Motorleistung: 750 Watt\/400 Volt (Drehstrom), f\u00fcr Dauerbetrieb geeignet. Mahlleistung fein ca. 350 g\/min. [&hellip;]<\/p>\n","protected":false},"featured_media":15838,"comment_status":"closed","ping_status":"open","template":"","meta":[],"product_brand":[],"product_cat":[259,235],"product_tag":[],"class_list":{"0":"post-14855","1":"product","2":"type-product","3":"status-publish","4":"has-post-thumbnail","6":"product_cat-getreidemuhlen-gewerbegerate","7":"product_cat-gewerbegerate","9":"first","10":"instock","11":"taxable","12":"shipping-taxable","13":"purchasable","14":"product-type-simple"},"_links":{"self":[{"href":"https:\/\/ebay.luba.de\/index.php\/wp-json\/wp\/v2\/product\/14855","targetHints":{"allow":["GET"]}}],"collection":[{"href":"https:\/\/ebay.luba.de\/index.php\/wp-json\/wp\/v2\/product"}],"about":[{"href":"https:\/\/ebay.luba.de\/index.php\/wp-json\/wp\/v2\/types\/product"}],"replies":[{"embeddable":true,"href":"https:\/\/ebay.luba.de\/index.php\/wp-json\/wp\/v2\/comments?post=14855"}],"wp:featuredmedia":[{"embeddable":true,"href":"https:\/\/ebay.luba.de\/index.php\/wp-json\/wp\/v2\/media\/15838"}],"wp:attachment":[{"href":"https:\/\/ebay.luba.de\/index.php\/wp-json\/wp\/v2\/media?parent=14855"}],"wp:term":[{"taxonomy":"product_brand","embeddable":true,"href":"https:\/\/ebay.luba.de\/index.php\/wp-json\/wp\/v2\/product_brand?post=14855"},{"taxonomy":"product_cat","embeddable":true,"href":"https:\/\/ebay.luba.de\/index.php\/wp-json\/wp\/v2\/product_cat?post=14855"},{"taxonomy":"product_tag","embeddable":true,"href":"https:\/\/ebay.luba.de\/index.php\/wp-json\/wp\/v2\/product_tag?post=14855"}],"curies":[{"name":"wp","href":"https:\/\/api.w.org\/{rel}","templated":true}]}}