{"id":14854,"date":"2020-12-06T15:50:53","date_gmt":"2020-12-06T15:50:53","guid":{"rendered":"https:\/\/ebay.luba.de\/index.php\/product\/solis-kaffeemuhle-typ-166-scala-schwarz-silber\/"},"modified":"2023-05-30T09:51:06","modified_gmt":"2023-05-30T09:51:06","slug":"solis-kaffeemuhle-typ-166-scala-schwarz-silber","status":"publish","type":"product","link":"https:\/\/ebay.luba.de\/index.php\/product\/solis-kaffeemuhle-typ-166-scala-schwarz-silber\/","title":{"rendered":"Solis Kaffeem\u00fchle Typ 166 Scala, schwarz\/silber"},"content":{"rendered":"<p>Aromaschonendes, leises Kegelmahlwerk mit Antistatikeinrichtung und Steinsicherung. Der Feinheitsgrad sowie ein Timer f\u00fcr gleichm\u00e4\u00dfige Mengendosierung lassen sich einstellen, um optimale Ergebnisse zu erreichen.  Designgeh\u00e4use mit Kabelstauraum f\u00fcr das 1,1 Meter lange Kabel,  transparenter 250-g-Bohnenbeh\u00e4lter.<\/p>\n","protected":false},"excerpt":{"rendered":"<p>Aromaschonendes, leises Kegelmahlwerk mit Antistatikeinrichtung und Steinsicherung. Der Feinheitsgrad sowie ein Timer f\u00fcr gleichm\u00e4\u00dfige Mengendosierung lassen sich einstellen, um optimale Ergebnisse zu erreichen. Designgeh\u00e4use mit Kabelstauraum f\u00fcr das 1,1 Meter lange Kabel, transparenter 250-g-Bohnenbeh\u00e4lter.<\/p>\n","protected":false},"featured_media":15837,"comment_status":"closed","ping_status":"open","template":"","meta":[],"product_brand":[],"product_cat":[246,202],"product_tag":[],"class_list":{"0":"post-14854","1":"product","2":"type-product","3":"status-publish","4":"has-post-thumbnail","6":"product_cat-kaffeemaschinen","7":"product_cat-kuchengerate-elektro","9":"first","10":"outofstock","11":"taxable","12":"shipping-taxable","13":"purchasable","14":"product-type-simple"},"_links":{"self":[{"href":"https:\/\/ebay.luba.de\/index.php\/wp-json\/wp\/v2\/product\/14854","targetHints":{"allow":["GET"]}}],"collection":[{"href":"https:\/\/ebay.luba.de\/index.php\/wp-json\/wp\/v2\/product"}],"about":[{"href":"https:\/\/ebay.luba.de\/index.php\/wp-json\/wp\/v2\/types\/product"}],"replies":[{"embeddable":true,"href":"https:\/\/ebay.luba.de\/index.php\/wp-json\/wp\/v2\/comments?post=14854"}],"wp:featuredmedia":[{"embeddable":true,"href":"https:\/\/ebay.luba.de\/index.php\/wp-json\/wp\/v2\/media\/15837"}],"wp:attachment":[{"href":"https:\/\/ebay.luba.de\/index.php\/wp-json\/wp\/v2\/media?parent=14854"}],"wp:term":[{"taxonomy":"product_brand","embeddable":true,"href":"https:\/\/ebay.luba.de\/index.php\/wp-json\/wp\/v2\/product_brand?post=14854"},{"taxonomy":"product_cat","embeddable":true,"href":"https:\/\/ebay.luba.de\/index.php\/wp-json\/wp\/v2\/product_cat?post=14854"},{"taxonomy":"product_tag","embeddable":true,"href":"https:\/\/ebay.luba.de\/index.php\/wp-json\/wp\/v2\/product_tag?post=14854"}],"curies":[{"name":"wp","href":"https:\/\/api.w.org\/{rel}","templated":true}]}}