{"id":14848,"date":"2020-12-06T15:50:53","date_gmt":"2020-12-06T15:50:53","guid":{"rendered":"https:\/\/ebay.luba.de\/index.php\/product\/spring-gusswok-35-cm-6tlg-geschenkverpackung\/"},"modified":"2022-11-28T14:09:55","modified_gmt":"2022-11-28T14:09:55","slug":"spring-gusswok-35-cm-6tlg-geschenkverpackung","status":"publish","type":"product","link":"https:\/\/ebay.luba.de\/index.php\/product\/spring-gusswok-35-cm-6tlg-geschenkverpackung\/","title":{"rendered":"Spring Gusswok, 35 cm, 6tlg, Geschenkverpackung"},"content":{"rendered":"<p>Der Spring Gusswok 6-teilig, bestehend aus Gussschale 35 cm \u00f8, mit kratzfester Qualit\u00e4tsemaillierung. Deckel- und Seitengriffe aus Hartholz, emailliertem Flachboden, f\u00fcr alle Herdarten geeignet &#8211; inklusive Induktion, Abtropfgitter, 2 Sticks, 2 Wender, Gebrauchsanleitung mit Rezepten und Geschenkverpackung.<\/p>\n","protected":false},"excerpt":{"rendered":"<p>Der Spring Gusswok 6-teilig, bestehend aus Gussschale 35 cm \u00f8, mit kratzfester Qualit\u00e4tsemaillierung. Deckel- und Seitengriffe aus Hartholz, emailliertem Flachboden, f\u00fcr alle Herdarten geeignet &#8211; inklusive Induktion, Abtropfgitter, 2 Sticks, 2 Wender, Gebrauchsanleitung mit Rezepten und Geschenkverpackung.<\/p>\n","protected":false},"featured_media":15831,"comment_status":"closed","ping_status":"open","template":"","meta":[],"product_brand":[],"product_cat":[199],"product_tag":[],"class_list":{"0":"post-14848","1":"product","2":"type-product","3":"status-publish","4":"has-post-thumbnail","6":"product_cat-kuchenhelfer","8":"first","9":"instock","10":"taxable","11":"shipping-taxable","12":"purchasable","13":"product-type-simple"},"_links":{"self":[{"href":"https:\/\/ebay.luba.de\/index.php\/wp-json\/wp\/v2\/product\/14848","targetHints":{"allow":["GET"]}}],"collection":[{"href":"https:\/\/ebay.luba.de\/index.php\/wp-json\/wp\/v2\/product"}],"about":[{"href":"https:\/\/ebay.luba.de\/index.php\/wp-json\/wp\/v2\/types\/product"}],"replies":[{"embeddable":true,"href":"https:\/\/ebay.luba.de\/index.php\/wp-json\/wp\/v2\/comments?post=14848"}],"wp:featuredmedia":[{"embeddable":true,"href":"https:\/\/ebay.luba.de\/index.php\/wp-json\/wp\/v2\/media\/15831"}],"wp:attachment":[{"href":"https:\/\/ebay.luba.de\/index.php\/wp-json\/wp\/v2\/media?parent=14848"}],"wp:term":[{"taxonomy":"product_brand","embeddable":true,"href":"https:\/\/ebay.luba.de\/index.php\/wp-json\/wp\/v2\/product_brand?post=14848"},{"taxonomy":"product_cat","embeddable":true,"href":"https:\/\/ebay.luba.de\/index.php\/wp-json\/wp\/v2\/product_cat?post=14848"},{"taxonomy":"product_tag","embeddable":true,"href":"https:\/\/ebay.luba.de\/index.php\/wp-json\/wp\/v2\/product_tag?post=14848"}],"curies":[{"name":"wp","href":"https:\/\/api.w.org\/{rel}","templated":true}]}}