{"id":14847,"date":"2020-12-06T15:50:53","date_gmt":"2020-12-06T15:50:53","guid":{"rendered":"https:\/\/ebay.luba.de\/index.php\/product\/champion-entsafter-weis\/"},"modified":"2022-09-02T06:51:11","modified_gmt":"2022-09-02T06:51:11","slug":"champion-entsafter-weis","status":"publish","type":"product","link":"https:\/\/ebay.luba.de\/index.php\/product\/champion-entsafter-weis\/","title":{"rendered":"Champion Entsafter wei\u00df"},"content":{"rendered":"<p>Mit 1.400 Umdrehungen pro Minute entsaftet die Champion Saftpresse sehr z\u00fcgig und deutlich schonender als eine Zentrifuge. Daher wird sie von vielen Rohkost- und Ern\u00e4hrungsexperten empfohlen. Die Champion ist leicht zu reinigen und ideal f\u00fcr alle, die h\u00e4ufig gr\u00f6\u00dfere Mengen gesunder S\u00e4fte pressen wollen.<\/p>\n","protected":false},"excerpt":{"rendered":"<p>Mit 1.400 Umdrehungen pro Minute entsaftet die Champion Saftpresse sehr z\u00fcgig und deutlich schonender als eine Zentrifuge. Daher wird sie von vielen Rohkost- und Ern\u00e4hrungsexperten empfohlen. Die Champion ist leicht zu reinigen und ideal f\u00fcr alle, die h\u00e4ufig gr\u00f6\u00dfere Mengen gesunder S\u00e4fte pressen wollen.<\/p>\n","protected":false},"featured_media":15830,"comment_status":"closed","ping_status":"open","template":"","meta":[],"product_brand":[],"product_cat":[253,252,202],"product_tag":[],"class_list":{"0":"post-14847","1":"product","2":"type-product","3":"status-publish","4":"has-post-thumbnail","6":"product_cat-champion","7":"product_cat-entsafter","8":"product_cat-kuchengerate-elektro","10":"first","11":"outofstock","12":"taxable","13":"shipping-taxable","14":"purchasable","15":"product-type-simple"},"_links":{"self":[{"href":"https:\/\/ebay.luba.de\/index.php\/wp-json\/wp\/v2\/product\/14847","targetHints":{"allow":["GET"]}}],"collection":[{"href":"https:\/\/ebay.luba.de\/index.php\/wp-json\/wp\/v2\/product"}],"about":[{"href":"https:\/\/ebay.luba.de\/index.php\/wp-json\/wp\/v2\/types\/product"}],"replies":[{"embeddable":true,"href":"https:\/\/ebay.luba.de\/index.php\/wp-json\/wp\/v2\/comments?post=14847"}],"wp:featuredmedia":[{"embeddable":true,"href":"https:\/\/ebay.luba.de\/index.php\/wp-json\/wp\/v2\/media\/15830"}],"wp:attachment":[{"href":"https:\/\/ebay.luba.de\/index.php\/wp-json\/wp\/v2\/media?parent=14847"}],"wp:term":[{"taxonomy":"product_brand","embeddable":true,"href":"https:\/\/ebay.luba.de\/index.php\/wp-json\/wp\/v2\/product_brand?post=14847"},{"taxonomy":"product_cat","embeddable":true,"href":"https:\/\/ebay.luba.de\/index.php\/wp-json\/wp\/v2\/product_cat?post=14847"},{"taxonomy":"product_tag","embeddable":true,"href":"https:\/\/ebay.luba.de\/index.php\/wp-json\/wp\/v2\/product_tag?post=14847"}],"curies":[{"name":"wp","href":"https:\/\/api.w.org\/{rel}","templated":true}]}}