{"id":14846,"date":"2020-12-06T15:50:53","date_gmt":"2020-12-06T15:50:53","guid":{"rendered":"https:\/\/ebay.luba.de\/index.php\/product\/unold-brotbackautomat-backmeister-extra-typ-68511\/"},"modified":"2021-11-13T17:51:27","modified_gmt":"2021-11-13T17:51:27","slug":"unold-brotbackautomat-backmeister-extra-typ-68511","status":"publish","type":"product","link":"https:\/\/ebay.luba.de\/index.php\/product\/unold-brotbackautomat-backmeister-extra-typ-68511\/","title":{"rendered":"Unold Brotbackautomat Backmeister Extra Typ 68511"},"content":{"rendered":"<p>Automatisches Mischen der Zutaten, Kneten und Aufgehen des Teiges und Backen des Brotes. Technische Daten: 700 W, 230 V~, 50 Hz, Mit 2 Backformen: wahlweise 1 gro\u00dfes oder 2 kleine Brote, Wahlweise f\u00fcr Brotgewichte 750-1.800 g, 9 gespeicherte Programme, 1 individuelles Programm, Zeitwahltaste, bis zu 13 Stunden  vorprogrammierbar, Wahltaste f\u00fcr 3 einstellbare Br\u00e4unungsgrade, pr\u00e4zise Angabe des Programmablaufs \u00fcber beleuchtetes LCD-Display, Doppelkneter mit Rechts-\/Linkslauf, Zahnriemenantrieb \/ gro\u00dfes Sichtfenster, Backbeh\u00e4lter mit FUSION Sol-Gel Keramik Antihaftbeschichtung von Whitford, Ma\u00dfe 41,0 x 22,0 x 34,0 cm ( L x B\/T x H), Farbe Wei\u00df<\/p>\n","protected":false},"excerpt":{"rendered":"<p>Automatisches Mischen der Zutaten, Kneten und Aufgehen des Teiges und Backen des Brotes. Technische Daten: 700 W, 230 V~, 50 Hz, Mit 2 Backformen: wahlweise 1 gro\u00dfes oder 2 kleine Brote, Wahlweise f\u00fcr Brotgewichte 750-1.800 g, 9 gespeicherte Programme, 1 individuelles Programm, Zeitwahltaste, bis zu 13 Stunden vorprogrammierbar, Wahltaste f\u00fcr 3 einstellbare Br\u00e4unungsgrade, pr\u00e4zise Angabe [&hellip;]<\/p>\n","protected":false},"featured_media":15829,"comment_status":"closed","ping_status":"open","template":"","meta":[],"product_brand":[],"product_cat":[202],"product_tag":[],"class_list":{"0":"post-14846","1":"product","2":"type-product","3":"status-publish","4":"has-post-thumbnail","6":"product_cat-kuchengerate-elektro","8":"first","9":"outofstock","10":"taxable","11":"shipping-taxable","12":"purchasable","13":"product-type-simple"},"_links":{"self":[{"href":"https:\/\/ebay.luba.de\/index.php\/wp-json\/wp\/v2\/product\/14846","targetHints":{"allow":["GET"]}}],"collection":[{"href":"https:\/\/ebay.luba.de\/index.php\/wp-json\/wp\/v2\/product"}],"about":[{"href":"https:\/\/ebay.luba.de\/index.php\/wp-json\/wp\/v2\/types\/product"}],"replies":[{"embeddable":true,"href":"https:\/\/ebay.luba.de\/index.php\/wp-json\/wp\/v2\/comments?post=14846"}],"wp:featuredmedia":[{"embeddable":true,"href":"https:\/\/ebay.luba.de\/index.php\/wp-json\/wp\/v2\/media\/15829"}],"wp:attachment":[{"href":"https:\/\/ebay.luba.de\/index.php\/wp-json\/wp\/v2\/media?parent=14846"}],"wp:term":[{"taxonomy":"product_brand","embeddable":true,"href":"https:\/\/ebay.luba.de\/index.php\/wp-json\/wp\/v2\/product_brand?post=14846"},{"taxonomy":"product_cat","embeddable":true,"href":"https:\/\/ebay.luba.de\/index.php\/wp-json\/wp\/v2\/product_cat?post=14846"},{"taxonomy":"product_tag","embeddable":true,"href":"https:\/\/ebay.luba.de\/index.php\/wp-json\/wp\/v2\/product_tag?post=14846"}],"curies":[{"name":"wp","href":"https:\/\/api.w.org\/{rel}","templated":true}]}}