{"id":14841,"date":"2020-12-06T15:50:40","date_gmt":"2020-12-06T15:50:40","guid":{"rendered":"https:\/\/ebay.luba.de\/index.php\/product\/raclette-messer-profi\/"},"modified":"2023-08-28T12:51:08","modified_gmt":"2023-08-28T12:51:08","slug":"raclette-messer-profi","status":"publish","type":"product","link":"https:\/\/ebay.luba.de\/index.php\/product\/raclette-messer-profi\/","title":{"rendered":"Raclette-Messer Profi"},"content":{"rendered":"<p>Wie ein Geigenvirtuose streicht der Racleur mit seinem Raclette-Messer den s\u00e4migen, gebratenen K\u00e4seteig auf den vorgew\u00e4rmten Teller. Dort verteilt er sich tr\u00e4ge mit goldgelber Farbe. Mit der gezackten Kante seines Raclette-Messers schneidet er die K\u00e4serinde ab, die bei Kennern unter dem Namen Religieuse oder Klosterfrau bekannt und gesch\u00e4tzt ist.<\/p>\n","protected":false},"excerpt":{"rendered":"<p>Wie ein Geigenvirtuose streicht der Racleur mit seinem Raclette-Messer den s\u00e4migen, gebratenen K\u00e4seteig auf den vorgew\u00e4rmten Teller. Dort verteilt er sich tr\u00e4ge mit goldgelber Farbe. Mit der gezackten Kante seines Raclette-Messers schneidet er die K\u00e4serinde ab, die bei Kennern unter dem Namen Religieuse oder Klosterfrau bekannt und gesch\u00e4tzt ist.<\/p>\n","protected":false},"featured_media":15824,"comment_status":"closed","ping_status":"open","template":"","meta":[],"product_brand":[],"product_cat":[211,202,255],"product_tag":[],"class_list":{"0":"post-14841","1":"product","2":"type-product","3":"status-publish","4":"has-post-thumbnail","6":"product_cat-grillen","7":"product_cat-kuchengerate-elektro","8":"product_cat-raclette","10":"first","11":"instock","12":"taxable","13":"shipping-taxable","14":"purchasable","15":"product-type-simple"},"_links":{"self":[{"href":"https:\/\/ebay.luba.de\/index.php\/wp-json\/wp\/v2\/product\/14841","targetHints":{"allow":["GET"]}}],"collection":[{"href":"https:\/\/ebay.luba.de\/index.php\/wp-json\/wp\/v2\/product"}],"about":[{"href":"https:\/\/ebay.luba.de\/index.php\/wp-json\/wp\/v2\/types\/product"}],"replies":[{"embeddable":true,"href":"https:\/\/ebay.luba.de\/index.php\/wp-json\/wp\/v2\/comments?post=14841"}],"wp:featuredmedia":[{"embeddable":true,"href":"https:\/\/ebay.luba.de\/index.php\/wp-json\/wp\/v2\/media\/15824"}],"wp:attachment":[{"href":"https:\/\/ebay.luba.de\/index.php\/wp-json\/wp\/v2\/media?parent=14841"}],"wp:term":[{"taxonomy":"product_brand","embeddable":true,"href":"https:\/\/ebay.luba.de\/index.php\/wp-json\/wp\/v2\/product_brand?post=14841"},{"taxonomy":"product_cat","embeddable":true,"href":"https:\/\/ebay.luba.de\/index.php\/wp-json\/wp\/v2\/product_cat?post=14841"},{"taxonomy":"product_tag","embeddable":true,"href":"https:\/\/ebay.luba.de\/index.php\/wp-json\/wp\/v2\/product_tag?post=14841"}],"curies":[{"name":"wp","href":"https:\/\/api.w.org\/{rel}","templated":true}]}}