{"id":14839,"date":"2020-12-06T15:50:40","date_gmt":"2020-12-06T15:50:40","guid":{"rendered":"https:\/\/ebay.luba.de\/index.php\/product\/raclettegerat-ambiance-ttm\/"},"modified":"2023-09-26T06:51:15","modified_gmt":"2023-09-26T06:51:15","slug":"raclettegerat-ambiance-ttm","status":"publish","type":"product","link":"https:\/\/ebay.luba.de\/index.php\/product\/raclettegerat-ambiance-ttm\/","title":{"rendered":"Racletteger\u00e4t Ambiance TTM"},"content":{"rendered":"<p>Der Klassiker aus der Schweiz f\u00fcr einen stimmungsvollen Abend.<\/p>\n<p>Original Raclette zum Abstreichen. Eignet sich ab 4-5 Personen.<\/p>\n<p>1\/2 K\u00e4selaib auf dem Halter befestigen, unter die Heizplatte schieben und den geschmolzenen K\u00e4se genie\u00dfen!<\/p>\n","protected":false},"excerpt":{"rendered":"<p>Der Klassiker aus der Schweiz f\u00fcr einen stimmungsvollen Abend. Original Raclette zum Abstreichen. Eignet sich ab 4-5 Personen. 1\/2 K\u00e4selaib auf dem Halter befestigen, unter die Heizplatte schieben und den geschmolzenen K\u00e4se genie\u00dfen!<\/p>\n","protected":false},"featured_media":15822,"comment_status":"closed","ping_status":"open","template":"","meta":[],"product_brand":[],"product_cat":[211,202,255],"product_tag":[],"class_list":{"0":"post-14839","1":"product","2":"type-product","3":"status-publish","4":"has-post-thumbnail","6":"product_cat-grillen","7":"product_cat-kuchengerate-elektro","8":"product_cat-raclette","10":"first","11":"instock","12":"taxable","13":"shipping-taxable","14":"purchasable","15":"product-type-simple"},"_links":{"self":[{"href":"https:\/\/ebay.luba.de\/index.php\/wp-json\/wp\/v2\/product\/14839","targetHints":{"allow":["GET"]}}],"collection":[{"href":"https:\/\/ebay.luba.de\/index.php\/wp-json\/wp\/v2\/product"}],"about":[{"href":"https:\/\/ebay.luba.de\/index.php\/wp-json\/wp\/v2\/types\/product"}],"replies":[{"embeddable":true,"href":"https:\/\/ebay.luba.de\/index.php\/wp-json\/wp\/v2\/comments?post=14839"}],"wp:featuredmedia":[{"embeddable":true,"href":"https:\/\/ebay.luba.de\/index.php\/wp-json\/wp\/v2\/media\/15822"}],"wp:attachment":[{"href":"https:\/\/ebay.luba.de\/index.php\/wp-json\/wp\/v2\/media?parent=14839"}],"wp:term":[{"taxonomy":"product_brand","embeddable":true,"href":"https:\/\/ebay.luba.de\/index.php\/wp-json\/wp\/v2\/product_brand?post=14839"},{"taxonomy":"product_cat","embeddable":true,"href":"https:\/\/ebay.luba.de\/index.php\/wp-json\/wp\/v2\/product_cat?post=14839"},{"taxonomy":"product_tag","embeddable":true,"href":"https:\/\/ebay.luba.de\/index.php\/wp-json\/wp\/v2\/product_tag?post=14839"}],"curies":[{"name":"wp","href":"https:\/\/api.w.org\/{rel}","templated":true}]}}