{"id":14838,"date":"2020-12-06T15:50:40","date_gmt":"2020-12-06T15:50:40","guid":{"rendered":"https:\/\/ebay.luba.de\/index.php\/product\/raclettegerat-party-ttm-100-001\/"},"modified":"2023-04-14T06:51:05","modified_gmt":"2023-04-14T06:51:05","slug":"raclettegerat-party-ttm-100-001","status":"publish","type":"product","link":"https:\/\/ebay.luba.de\/index.php\/product\/raclettegerat-party-ttm-100-001\/","title":{"rendered":"Racletteger\u00e4t Party TTM 100. 001"},"content":{"rendered":"<p>Holen Sie sich den Zauber der Berge nach Hause. Das kleine Tischmodell &#8220;Party&#8221; erm\u00f6glicht die Zubereitung des original Raclette schon ab 2 Personen. Der 1\/4 K\u00e4selaib wird auf einem Schwenkarm befestigt und unter die Heizplatte geschoben. Der geschmolzene K\u00e4se wird Schicht f\u00fcr Schicht auf einen Teller abgeschabt.<\/p>\n","protected":false},"excerpt":{"rendered":"<p>Holen Sie sich den Zauber der Berge nach Hause. Das kleine Tischmodell &#8220;Party&#8221; erm\u00f6glicht die Zubereitung des original Raclette schon ab 2 Personen. Der 1\/4 K\u00e4selaib wird auf einem Schwenkarm befestigt und unter die Heizplatte geschoben. Der geschmolzene K\u00e4se wird Schicht f\u00fcr Schicht auf einen Teller abgeschabt.<\/p>\n","protected":false},"featured_media":15821,"comment_status":"closed","ping_status":"open","template":"","meta":[],"product_brand":[],"product_cat":[211,202,255],"product_tag":[],"class_list":{"0":"post-14838","1":"product","2":"type-product","3":"status-publish","4":"has-post-thumbnail","6":"product_cat-grillen","7":"product_cat-kuchengerate-elektro","8":"product_cat-raclette","10":"first","11":"instock","12":"taxable","13":"shipping-taxable","14":"purchasable","15":"product-type-simple"},"_links":{"self":[{"href":"https:\/\/ebay.luba.de\/index.php\/wp-json\/wp\/v2\/product\/14838","targetHints":{"allow":["GET"]}}],"collection":[{"href":"https:\/\/ebay.luba.de\/index.php\/wp-json\/wp\/v2\/product"}],"about":[{"href":"https:\/\/ebay.luba.de\/index.php\/wp-json\/wp\/v2\/types\/product"}],"replies":[{"embeddable":true,"href":"https:\/\/ebay.luba.de\/index.php\/wp-json\/wp\/v2\/comments?post=14838"}],"wp:featuredmedia":[{"embeddable":true,"href":"https:\/\/ebay.luba.de\/index.php\/wp-json\/wp\/v2\/media\/15821"}],"wp:attachment":[{"href":"https:\/\/ebay.luba.de\/index.php\/wp-json\/wp\/v2\/media?parent=14838"}],"wp:term":[{"taxonomy":"product_brand","embeddable":true,"href":"https:\/\/ebay.luba.de\/index.php\/wp-json\/wp\/v2\/product_brand?post=14838"},{"taxonomy":"product_cat","embeddable":true,"href":"https:\/\/ebay.luba.de\/index.php\/wp-json\/wp\/v2\/product_cat?post=14838"},{"taxonomy":"product_tag","embeddable":true,"href":"https:\/\/ebay.luba.de\/index.php\/wp-json\/wp\/v2\/product_tag?post=14838"}],"curies":[{"name":"wp","href":"https:\/\/api.w.org\/{rel}","templated":true}]}}