{"id":14833,"date":"2020-12-06T15:50:40","date_gmt":"2020-12-06T15:50:40","guid":{"rendered":"https:\/\/ebay.luba.de\/index.php\/product\/zusatzkeimschale-fur-hawos-toni\/"},"modified":"2023-09-26T06:51:15","modified_gmt":"2023-09-26T06:51:15","slug":"zusatzkeimschale-fur-hawos-toni","status":"publish","type":"product","link":"https:\/\/ebay.luba.de\/index.php\/product\/zusatzkeimschale-fur-hawos-toni\/","title":{"rendered":"Zusatzkeimschale f\u00fcr hawos Toni"},"content":{"rendered":"<p>Zus\u00e4tzliche Keimschalen, f\u00fcr noch mehr Frische oder gr\u00f6\u00dfere Auswahl an Keimlingen.<\/p>\n","protected":false},"excerpt":{"rendered":"<p>Zus\u00e4tzliche Keimschalen, f\u00fcr noch mehr Frische oder gr\u00f6\u00dfere Auswahl an Keimlingen.<\/p>\n","protected":false},"featured_media":15816,"comment_status":"closed","ping_status":"open","template":"","meta":[],"product_brand":[],"product_cat":[251,250,215],"product_tag":[],"class_list":{"0":"post-14833","1":"product","2":"type-product","3":"status-publish","4":"has-post-thumbnail","6":"product_cat-hawos","7":"product_cat-keimgerate","8":"product_cat-kuchengerate-handbetrieb","10":"first","11":"outofstock","12":"taxable","13":"shipping-taxable","14":"purchasable","15":"product-type-simple"},"_links":{"self":[{"href":"https:\/\/ebay.luba.de\/index.php\/wp-json\/wp\/v2\/product\/14833","targetHints":{"allow":["GET"]}}],"collection":[{"href":"https:\/\/ebay.luba.de\/index.php\/wp-json\/wp\/v2\/product"}],"about":[{"href":"https:\/\/ebay.luba.de\/index.php\/wp-json\/wp\/v2\/types\/product"}],"replies":[{"embeddable":true,"href":"https:\/\/ebay.luba.de\/index.php\/wp-json\/wp\/v2\/comments?post=14833"}],"wp:featuredmedia":[{"embeddable":true,"href":"https:\/\/ebay.luba.de\/index.php\/wp-json\/wp\/v2\/media\/15816"}],"wp:attachment":[{"href":"https:\/\/ebay.luba.de\/index.php\/wp-json\/wp\/v2\/media?parent=14833"}],"wp:term":[{"taxonomy":"product_brand","embeddable":true,"href":"https:\/\/ebay.luba.de\/index.php\/wp-json\/wp\/v2\/product_brand?post=14833"},{"taxonomy":"product_cat","embeddable":true,"href":"https:\/\/ebay.luba.de\/index.php\/wp-json\/wp\/v2\/product_cat?post=14833"},{"taxonomy":"product_tag","embeddable":true,"href":"https:\/\/ebay.luba.de\/index.php\/wp-json\/wp\/v2\/product_tag?post=14833"}],"curies":[{"name":"wp","href":"https:\/\/api.w.org\/{rel}","templated":true}]}}