{"id":14827,"date":"2020-12-06T15:50:40","date_gmt":"2020-12-06T15:50:40","guid":{"rendered":"https:\/\/ebay.luba.de\/index.php\/product\/grips-der-feuer-wok-grill-in-der-holzkiste\/"},"modified":"2023-08-04T11:51:07","modified_gmt":"2023-08-04T11:51:07","slug":"grips-der-feuer-wok-grill-in-der-holzkiste","status":"publish","type":"product","link":"https:\/\/ebay.luba.de\/index.php\/product\/grips-der-feuer-wok-grill-in-der-holzkiste\/","title":{"rendered":"Grips &#8211; der Feuer-Wok-\/Grill in der Holzkiste"},"content":{"rendered":"<h3>Der Feuer-Wok revolutioniert das Grillen auf einfache Art und Weise.<\/h3>\n<p>Er besteht aus zwei Teilen:<br \/>\neinem Feuerkocher und einer leicht gew\u00f6lbten 3 mm starken Wok-Pfanne.<\/p>\n<p>Im Feuerkocher werden die Flammen weniger, kleiner Holzst\u00fccke zu gro\u00dfer Hitze kompensiert. So k\u00f6nnen Gem\u00fcse und Fleisch gleicherma\u00dfen gegrillt werden, ohne auszutrocknen, ohne langwierige Glutbildung, ohne l\u00e4stiges und ungesundes Fett im Feuer.<\/p>\n<p>Auch das Backen von Fladenbroten gelingt hier.<\/p>\n<p>Der Stahl des Feuer-Woks ist unveredelt. Nach dem Gebrauch sollte der Wok mit hei\u00dfem Wasser gereinigt und vor Einlagerung mit Ballistol \u2013 \u00d6l eingerieben werden.<\/p>\n<p>Zum sicheren Transport und zum praktischen Verstauen wird der Feuer-Wok in einer Transportkiste aus unbehandeltem Weichholz geliefert.<\/p>\n","protected":false},"excerpt":{"rendered":"<p>Der Feuer-Wok revolutioniert das Grillen auf einfache Art und Weise. Er besteht aus zwei Teilen: einem Feuerkocher und einer leicht gew\u00f6lbten 3 mm starken Wok-Pfanne. Im Feuerkocher werden die Flammen weniger, kleiner Holzst\u00fccke zu gro\u00dfer Hitze kompensiert. So k\u00f6nnen Gem\u00fcse und Fleisch gleicherma\u00dfen gegrillt werden, ohne auszutrocknen, ohne langwierige Glutbildung, ohne l\u00e4stiges und ungesundes Fett [&hellip;]<\/p>\n","protected":false},"featured_media":15810,"comment_status":"closed","ping_status":"open","template":"","meta":[],"product_brand":[],"product_cat":[211,202],"product_tag":[],"class_list":{"0":"post-14827","1":"product","2":"type-product","3":"status-publish","4":"has-post-thumbnail","6":"product_cat-grillen","7":"product_cat-kuchengerate-elektro","9":"first","10":"instock","11":"taxable","12":"shipping-taxable","13":"purchasable","14":"product-type-simple"},"_links":{"self":[{"href":"https:\/\/ebay.luba.de\/index.php\/wp-json\/wp\/v2\/product\/14827","targetHints":{"allow":["GET"]}}],"collection":[{"href":"https:\/\/ebay.luba.de\/index.php\/wp-json\/wp\/v2\/product"}],"about":[{"href":"https:\/\/ebay.luba.de\/index.php\/wp-json\/wp\/v2\/types\/product"}],"replies":[{"embeddable":true,"href":"https:\/\/ebay.luba.de\/index.php\/wp-json\/wp\/v2\/comments?post=14827"}],"wp:featuredmedia":[{"embeddable":true,"href":"https:\/\/ebay.luba.de\/index.php\/wp-json\/wp\/v2\/media\/15810"}],"wp:attachment":[{"href":"https:\/\/ebay.luba.de\/index.php\/wp-json\/wp\/v2\/media?parent=14827"}],"wp:term":[{"taxonomy":"product_brand","embeddable":true,"href":"https:\/\/ebay.luba.de\/index.php\/wp-json\/wp\/v2\/product_brand?post=14827"},{"taxonomy":"product_cat","embeddable":true,"href":"https:\/\/ebay.luba.de\/index.php\/wp-json\/wp\/v2\/product_cat?post=14827"},{"taxonomy":"product_tag","embeddable":true,"href":"https:\/\/ebay.luba.de\/index.php\/wp-json\/wp\/v2\/product_tag?post=14827"}],"curies":[{"name":"wp","href":"https:\/\/api.w.org\/{rel}","templated":true}]}}