{"id":14825,"date":"2020-12-06T15:50:40","date_gmt":"2020-12-06T15:50:40","guid":{"rendered":"https:\/\/ebay.luba.de\/index.php\/product\/jura-reinigungstabletten-25er-pack\/"},"modified":"2023-09-26T06:51:15","modified_gmt":"2023-09-26T06:51:15","slug":"jura-reinigungstabletten-25er-pack","status":"publish","type":"product","link":"https:\/\/ebay.luba.de\/index.php\/product\/jura-reinigungstabletten-25er-pack\/","title":{"rendered":"JURA Reinigungstabletten, 25er-Pack"},"content":{"rendered":"<p>In Zusammenarbeit mit erfahrenen Herstellern von Pflegeprodukten wurde in aufw\u00e4ndigen Labortests die Zusammensetzung von Reinigungs- und Entkalkungstabletten optimal auf JURA Kaffeevollautomaten abgestimmt. Das schont das Ger\u00e4t, verl\u00e4ngert die Lebensdauer und h\u00e4lt die Kaffeequalit\u00e4t gleichbleibend auf h\u00f6chstem Niveau.<\/p>\n","protected":false},"excerpt":{"rendered":"<p>In Zusammenarbeit mit erfahrenen Herstellern von Pflegeprodukten wurde in aufw\u00e4ndigen Labortests die Zusammensetzung von Reinigungs- und Entkalkungstabletten optimal auf JURA Kaffeevollautomaten abgestimmt. Das schont das Ger\u00e4t, verl\u00e4ngert die Lebensdauer und h\u00e4lt die Kaffeequalit\u00e4t gleichbleibend auf h\u00f6chstem Niveau.<\/p>\n","protected":false},"featured_media":15808,"comment_status":"closed","ping_status":"open","template":"","meta":[],"product_brand":[],"product_cat":[248,199,244],"product_tag":[],"class_list":{"0":"post-14825","1":"product","2":"type-product","3":"status-publish","4":"has-post-thumbnail","6":"product_cat-entkalker","7":"product_cat-kuchenhelfer","8":"product_cat-verbrauchsmaterialien","10":"first","11":"instock","12":"taxable","13":"shipping-taxable","14":"purchasable","15":"product-type-simple"},"_links":{"self":[{"href":"https:\/\/ebay.luba.de\/index.php\/wp-json\/wp\/v2\/product\/14825","targetHints":{"allow":["GET"]}}],"collection":[{"href":"https:\/\/ebay.luba.de\/index.php\/wp-json\/wp\/v2\/product"}],"about":[{"href":"https:\/\/ebay.luba.de\/index.php\/wp-json\/wp\/v2\/types\/product"}],"replies":[{"embeddable":true,"href":"https:\/\/ebay.luba.de\/index.php\/wp-json\/wp\/v2\/comments?post=14825"}],"wp:featuredmedia":[{"embeddable":true,"href":"https:\/\/ebay.luba.de\/index.php\/wp-json\/wp\/v2\/media\/15808"}],"wp:attachment":[{"href":"https:\/\/ebay.luba.de\/index.php\/wp-json\/wp\/v2\/media?parent=14825"}],"wp:term":[{"taxonomy":"product_brand","embeddable":true,"href":"https:\/\/ebay.luba.de\/index.php\/wp-json\/wp\/v2\/product_brand?post=14825"},{"taxonomy":"product_cat","embeddable":true,"href":"https:\/\/ebay.luba.de\/index.php\/wp-json\/wp\/v2\/product_cat?post=14825"},{"taxonomy":"product_tag","embeddable":true,"href":"https:\/\/ebay.luba.de\/index.php\/wp-json\/wp\/v2\/product_tag?post=14825"}],"curies":[{"name":"wp","href":"https:\/\/api.w.org\/{rel}","templated":true}]}}