{"id":14824,"date":"2020-12-06T15:50:40","date_gmt":"2020-12-06T15:50:40","guid":{"rendered":"https:\/\/ebay.luba.de\/index.php\/product\/jura-entkalkungstabletten-3x3-stuck\/"},"modified":"2023-08-15T06:51:07","modified_gmt":"2023-08-15T06:51:07","slug":"jura-entkalkungstabletten-3x3-stuck","status":"publish","type":"product","link":"https:\/\/ebay.luba.de\/index.php\/product\/jura-entkalkungstabletten-3x3-stuck\/","title":{"rendered":"JURA Entkalkungstabletten, 3&#215;3 St\u00fcck"},"content":{"rendered":"<p>Kalk ist der gr\u00f6\u00dfte Feind aller wasserf\u00fchrenden Haushaltsger\u00e4te. JURA hat f\u00fcr die Espresso-\/Kaffee-Vollautomaten eine Entkalkungstablette entwickelt, die den Kalk entfernt und gleichzeitig Ihr Ger\u00e4t schont. Der 9er-Pack ist f\u00fcr 3 Entkalkungen.<\/p>\n","protected":false},"excerpt":{"rendered":"<p>Kalk ist der gr\u00f6\u00dfte Feind aller wasserf\u00fchrenden Haushaltsger\u00e4te. JURA hat f\u00fcr die Espresso-\/Kaffee-Vollautomaten eine Entkalkungstablette entwickelt, die den Kalk entfernt und gleichzeitig Ihr Ger\u00e4t schont. Der 9er-Pack ist f\u00fcr 3 Entkalkungen.<\/p>\n","protected":false},"featured_media":15807,"comment_status":"closed","ping_status":"open","template":"","meta":[],"product_brand":[],"product_cat":[247,246,202],"product_tag":[],"class_list":{"0":"post-14824","1":"product","2":"type-product","3":"status-publish","4":"has-post-thumbnail","6":"product_cat-jura-verbrauchsmaterial","7":"product_cat-kaffeemaschinen","8":"product_cat-kuchengerate-elektro","10":"first","11":"instock","12":"taxable","13":"shipping-taxable","14":"purchasable","15":"product-type-simple"},"_links":{"self":[{"href":"https:\/\/ebay.luba.de\/index.php\/wp-json\/wp\/v2\/product\/14824","targetHints":{"allow":["GET"]}}],"collection":[{"href":"https:\/\/ebay.luba.de\/index.php\/wp-json\/wp\/v2\/product"}],"about":[{"href":"https:\/\/ebay.luba.de\/index.php\/wp-json\/wp\/v2\/types\/product"}],"replies":[{"embeddable":true,"href":"https:\/\/ebay.luba.de\/index.php\/wp-json\/wp\/v2\/comments?post=14824"}],"wp:featuredmedia":[{"embeddable":true,"href":"https:\/\/ebay.luba.de\/index.php\/wp-json\/wp\/v2\/media\/15807"}],"wp:attachment":[{"href":"https:\/\/ebay.luba.de\/index.php\/wp-json\/wp\/v2\/media?parent=14824"}],"wp:term":[{"taxonomy":"product_brand","embeddable":true,"href":"https:\/\/ebay.luba.de\/index.php\/wp-json\/wp\/v2\/product_brand?post=14824"},{"taxonomy":"product_cat","embeddable":true,"href":"https:\/\/ebay.luba.de\/index.php\/wp-json\/wp\/v2\/product_cat?post=14824"},{"taxonomy":"product_tag","embeddable":true,"href":"https:\/\/ebay.luba.de\/index.php\/wp-json\/wp\/v2\/product_tag?post=14824"}],"curies":[{"name":"wp","href":"https:\/\/api.w.org\/{rel}","templated":true}]}}