{"id":14823,"date":"2020-12-06T15:50:18","date_gmt":"2020-12-06T15:50:18","guid":{"rendered":"https:\/\/ebay.luba.de\/index.php\/product\/artisan-2er-toaster-liebesapfelrot-5kmt2204eca\/"},"modified":"2021-03-25T07:51:17","modified_gmt":"2021-03-25T07:51:17","slug":"artisan-2er-toaster-liebesapfelrot-5kmt2204eca","status":"publish","type":"product","link":"https:\/\/ebay.luba.de\/index.php\/product\/artisan-2er-toaster-liebesapfelrot-5kmt2204eca\/","title":{"rendered":"Artisan 2er Toaster liebesapfelrot 5KMT2204ECA"},"content":{"rendered":"<p>KitchenAid-Toaster aus Alugu\u00dfgeh\u00e4use mit extra breiten und langen Schlitzen f\u00fcr verschiedene Brotsorten. Es sind insgesamt 13 Br\u00e4unungsstufen w\u00e4hlbar. Automatisches Toasten mit Einzug und Auswurf, Warmhaltefunktion, h\u00e4lt den Toast f\u00fcr 3 min nach R\u00f6stvorgang warm, Ma\u00dfe HxBxT: 22,5 x 18 x 33 cm, Leistung 1250 Watt, Sandwichzange inklusive.  Der 2-Scheiben-Toaster ist auch in empire rot 591-035 und in frosted pearl 591-093 erh\u00e4ltlich. Der 4-Scheiben Toaster hat eine Leistung von 2500 Watt.<\/p>\n","protected":false},"excerpt":{"rendered":"<p>KitchenAid-Toaster aus Alugu\u00dfgeh\u00e4use mit extra breiten und langen Schlitzen f\u00fcr verschiedene Brotsorten. Es sind insgesamt 13 Br\u00e4unungsstufen w\u00e4hlbar. Automatisches Toasten mit Einzug und Auswurf, Warmhaltefunktion, h\u00e4lt den Toast f\u00fcr 3 min nach R\u00f6stvorgang warm, Ma\u00dfe HxBxT: 22,5 x 18 x 33 cm, Leistung 1250 Watt, Sandwichzange inklusive. Der 2-Scheiben-Toaster ist auch in empire rot 591-035 [&hellip;]<\/p>\n","protected":false},"featured_media":15768,"comment_status":"closed","ping_status":"open","template":"","meta":[],"product_brand":[],"product_cat":[202,243],"product_tag":[],"class_list":{"0":"post-14823","1":"product","2":"type-product","3":"status-publish","4":"has-post-thumbnail","6":"product_cat-kuchengerate-elektro","7":"product_cat-toaster","9":"first","10":"outofstock","11":"taxable","12":"shipping-taxable","13":"purchasable","14":"product-type-simple"},"_links":{"self":[{"href":"https:\/\/ebay.luba.de\/index.php\/wp-json\/wp\/v2\/product\/14823","targetHints":{"allow":["GET"]}}],"collection":[{"href":"https:\/\/ebay.luba.de\/index.php\/wp-json\/wp\/v2\/product"}],"about":[{"href":"https:\/\/ebay.luba.de\/index.php\/wp-json\/wp\/v2\/types\/product"}],"replies":[{"embeddable":true,"href":"https:\/\/ebay.luba.de\/index.php\/wp-json\/wp\/v2\/comments?post=14823"}],"wp:featuredmedia":[{"embeddable":true,"href":"https:\/\/ebay.luba.de\/index.php\/wp-json\/wp\/v2\/media\/15768"}],"wp:attachment":[{"href":"https:\/\/ebay.luba.de\/index.php\/wp-json\/wp\/v2\/media?parent=14823"}],"wp:term":[{"taxonomy":"product_brand","embeddable":true,"href":"https:\/\/ebay.luba.de\/index.php\/wp-json\/wp\/v2\/product_brand?post=14823"},{"taxonomy":"product_cat","embeddable":true,"href":"https:\/\/ebay.luba.de\/index.php\/wp-json\/wp\/v2\/product_cat?post=14823"},{"taxonomy":"product_tag","embeddable":true,"href":"https:\/\/ebay.luba.de\/index.php\/wp-json\/wp\/v2\/product_tag?post=14823"}],"curies":[{"name":"wp","href":"https:\/\/api.w.org\/{rel}","templated":true}]}}