{"id":14822,"date":"2020-12-06T15:50:18","date_gmt":"2020-12-06T15:50:18","guid":{"rendered":"https:\/\/ebay.luba.de\/index.php\/product\/spritzgebackvorsatz-fur-fga-kitchenaid\/"},"modified":"2021-05-18T06:51:10","modified_gmt":"2021-05-18T06:51:10","slug":"spritzgebackvorsatz-fur-fga-kitchenaid","status":"publish","type":"product","link":"https:\/\/ebay.luba.de\/index.php\/product\/spritzgebackvorsatz-fur-fga-kitchenaid\/","title":{"rendered":"Spritzgeb\u00e4ckvorsatz f\u00fcr FGA KitchenAid"},"content":{"rendered":"<p>Vorsatz an Universalwolf FGA, mit F\u00fchrungssteg und Schiebemaske f\u00fcr vier verschiedene Spritzgeb\u00e4ckformen.<\/p>\n","protected":false},"excerpt":{"rendered":"<p>Vorsatz an Universalwolf FGA, mit F\u00fchrungssteg und Schiebemaske f\u00fcr vier verschiedene Spritzgeb\u00e4ckformen.<\/p>\n","protected":false},"featured_media":15767,"comment_status":"closed","ping_status":"open","template":"","meta":[],"product_brand":[],"product_cat":[242,202,203],"product_tag":[],"class_list":{"0":"post-14822","1":"product","2":"type-product","3":"status-publish","4":"has-post-thumbnail","6":"product_cat-kitchenaid","7":"product_cat-kuchengerate-elektro","8":"product_cat-kuchenmaschinen-zubehor","10":"first","11":"outofstock","12":"taxable","13":"shipping-taxable","14":"purchasable","15":"product-type-simple"},"_links":{"self":[{"href":"https:\/\/ebay.luba.de\/index.php\/wp-json\/wp\/v2\/product\/14822","targetHints":{"allow":["GET"]}}],"collection":[{"href":"https:\/\/ebay.luba.de\/index.php\/wp-json\/wp\/v2\/product"}],"about":[{"href":"https:\/\/ebay.luba.de\/index.php\/wp-json\/wp\/v2\/types\/product"}],"replies":[{"embeddable":true,"href":"https:\/\/ebay.luba.de\/index.php\/wp-json\/wp\/v2\/comments?post=14822"}],"wp:featuredmedia":[{"embeddable":true,"href":"https:\/\/ebay.luba.de\/index.php\/wp-json\/wp\/v2\/media\/15767"}],"wp:attachment":[{"href":"https:\/\/ebay.luba.de\/index.php\/wp-json\/wp\/v2\/media?parent=14822"}],"wp:term":[{"taxonomy":"product_brand","embeddable":true,"href":"https:\/\/ebay.luba.de\/index.php\/wp-json\/wp\/v2\/product_brand?post=14822"},{"taxonomy":"product_cat","embeddable":true,"href":"https:\/\/ebay.luba.de\/index.php\/wp-json\/wp\/v2\/product_cat?post=14822"},{"taxonomy":"product_tag","embeddable":true,"href":"https:\/\/ebay.luba.de\/index.php\/wp-json\/wp\/v2\/product_tag?post=14822"}],"curies":[{"name":"wp","href":"https:\/\/api.w.org\/{rel}","templated":true}]}}