{"id":14820,"date":"2020-12-06T15:50:18","date_gmt":"2020-12-06T15:50:18","guid":{"rendered":"https:\/\/ebay.luba.de\/index.php\/product\/zubehorsatz-3-teilig-fppc\/"},"modified":"2022-11-28T14:09:35","modified_gmt":"2022-11-28T14:09:35","slug":"zubehorsatz-3-teilig-fppc","status":"publish","type":"product","link":"https:\/\/ebay.luba.de\/index.php\/product\/zubehorsatz-3-teilig-fppc\/","title":{"rendered":"Zubeh\u00f6rsatz 3-teilig FPPC"},"content":{"rendered":"<p>Rohkostvorsatz MVSA + Fleischwolf FGA + P\u00fcrieraufsatz FVSP im Set. Die sinnvolle Erg\u00e4nzung zur KitchenAid K\u00fcchenmaschine.<\/p>\n","protected":false},"excerpt":{"rendered":"<p>Rohkostvorsatz MVSA + Fleischwolf FGA + P\u00fcrieraufsatz FVSP im Set. Die sinnvolle Erg\u00e4nzung zur KitchenAid K\u00fcchenmaschine.<\/p>\n","protected":false},"featured_media":15765,"comment_status":"closed","ping_status":"open","template":"","meta":[],"product_brand":[],"product_cat":[242,202,203],"product_tag":[],"class_list":{"0":"post-14820","1":"product","2":"type-product","3":"status-publish","4":"has-post-thumbnail","6":"product_cat-kitchenaid","7":"product_cat-kuchengerate-elektro","8":"product_cat-kuchenmaschinen-zubehor","10":"first","11":"instock","12":"taxable","13":"shipping-taxable","14":"purchasable","15":"product-type-simple"},"_links":{"self":[{"href":"https:\/\/ebay.luba.de\/index.php\/wp-json\/wp\/v2\/product\/14820","targetHints":{"allow":["GET"]}}],"collection":[{"href":"https:\/\/ebay.luba.de\/index.php\/wp-json\/wp\/v2\/product"}],"about":[{"href":"https:\/\/ebay.luba.de\/index.php\/wp-json\/wp\/v2\/types\/product"}],"replies":[{"embeddable":true,"href":"https:\/\/ebay.luba.de\/index.php\/wp-json\/wp\/v2\/comments?post=14820"}],"wp:featuredmedia":[{"embeddable":true,"href":"https:\/\/ebay.luba.de\/index.php\/wp-json\/wp\/v2\/media\/15765"}],"wp:attachment":[{"href":"https:\/\/ebay.luba.de\/index.php\/wp-json\/wp\/v2\/media?parent=14820"}],"wp:term":[{"taxonomy":"product_brand","embeddable":true,"href":"https:\/\/ebay.luba.de\/index.php\/wp-json\/wp\/v2\/product_brand?post=14820"},{"taxonomy":"product_cat","embeddable":true,"href":"https:\/\/ebay.luba.de\/index.php\/wp-json\/wp\/v2\/product_cat?post=14820"},{"taxonomy":"product_tag","embeddable":true,"href":"https:\/\/ebay.luba.de\/index.php\/wp-json\/wp\/v2\/product_tag?post=14820"}],"curies":[{"name":"wp","href":"https:\/\/api.w.org\/{rel}","templated":true}]}}