{"id":14819,"date":"2020-12-06T15:50:29","date_gmt":"2020-12-06T15:50:29","guid":{"rendered":"https:\/\/ebay.luba.de\/index.php\/product\/kitchenaid-artisan-standmixer\/"},"modified":"2022-12-13T12:51:06","modified_gmt":"2022-12-13T12:51:06","slug":"jura-2-phasen-reinigungstabletten-6er-pack","status":"publish","type":"product","link":"https:\/\/ebay.luba.de\/index.php\/product\/jura-2-phasen-reinigungstabletten-6er-pack\/","title":{"rendered":"JURA 2-Phasen-Reinigungstabletten, 6er-Pack"},"content":{"rendered":"<p>Jeder Vollautomat von JURA verf\u00fcgt \u00fcber eine wartungsfreie Br\u00fcheinheit mit Selbstreinigung auf Knopfdruck. Dabei ist der Reinigungsprozess bei 80\u00b0 C zeitlich perfekt abgestimmt (Reinigung von Hand ist nur bei ca. 40\u00b0 C m\u00f6glich). Bei der neuen 2-Phasen-Reinigungstablette wurden Reinigungs und Schutzwirkung signifikant gesteigert. Die Tablette reinigt das Ger\u00e4t nicht nur, sie versiegelt auch die kaffeef\u00fchrenden Komponenten und verz\u00f6gert dadurch das Festsetzen von Kaffeefett. Dies garantiert optimale Hygiene und Sauberkeit, ohne dass die Br\u00fchgruppe herausgenommen und manuell gereinigt werden muss: dies zertifiziert sogar der T\u00dcV Rheinland\u00ae.<\/p>\n","protected":false},"excerpt":{"rendered":"<p>Jeder Vollautomat von JURA verf\u00fcgt \u00fcber eine wartungsfreie Br\u00fcheinheit mit Selbstreinigung auf Knopfdruck. Dabei ist der Reinigungsprozess bei 80\u00b0 C zeitlich perfekt abgestimmt (Reinigung von Hand ist nur bei ca. 40\u00b0 C m\u00f6glich). Bei der neuen 2-Phasen-Reinigungstablette wurden Reinigungs und Schutzwirkung signifikant gesteigert. Die Tablette reinigt das Ger\u00e4t nicht nur, sie versiegelt auch die kaffeef\u00fchrenden [&hellip;]<\/p>\n","protected":false},"featured_media":15806,"comment_status":"closed","ping_status":"open","template":"","meta":[],"product_brand":[],"product_cat":[247,246,202],"product_tag":[],"class_list":{"0":"post-14819","1":"product","2":"type-product","3":"status-publish","4":"has-post-thumbnail","6":"product_cat-jura-verbrauchsmaterial","7":"product_cat-kaffeemaschinen","8":"product_cat-kuchengerate-elektro","10":"first","11":"instock","12":"taxable","13":"shipping-taxable","14":"purchasable","15":"product-type-simple"},"_links":{"self":[{"href":"https:\/\/ebay.luba.de\/index.php\/wp-json\/wp\/v2\/product\/14819","targetHints":{"allow":["GET"]}}],"collection":[{"href":"https:\/\/ebay.luba.de\/index.php\/wp-json\/wp\/v2\/product"}],"about":[{"href":"https:\/\/ebay.luba.de\/index.php\/wp-json\/wp\/v2\/types\/product"}],"replies":[{"embeddable":true,"href":"https:\/\/ebay.luba.de\/index.php\/wp-json\/wp\/v2\/comments?post=14819"}],"wp:featuredmedia":[{"embeddable":true,"href":"https:\/\/ebay.luba.de\/index.php\/wp-json\/wp\/v2\/media\/15806"}],"wp:attachment":[{"href":"https:\/\/ebay.luba.de\/index.php\/wp-json\/wp\/v2\/media?parent=14819"}],"wp:term":[{"taxonomy":"product_brand","embeddable":true,"href":"https:\/\/ebay.luba.de\/index.php\/wp-json\/wp\/v2\/product_brand?post=14819"},{"taxonomy":"product_cat","embeddable":true,"href":"https:\/\/ebay.luba.de\/index.php\/wp-json\/wp\/v2\/product_cat?post=14819"},{"taxonomy":"product_tag","embeddable":true,"href":"https:\/\/ebay.luba.de\/index.php\/wp-json\/wp\/v2\/product_tag?post=14819"}],"curies":[{"name":"wp","href":"https:\/\/api.w.org\/{rel}","templated":true}]}}