{"id":14818,"date":"2020-12-06T15:50:18","date_gmt":"2020-12-06T15:50:18","guid":{"rendered":"https:\/\/ebay.luba.de\/index.php\/product\/jupiter-bio-muhle-562\/"},"modified":"2021-05-18T06:51:09","modified_gmt":"2021-05-18T06:51:09","slug":"jupiter-bio-muhle-562","status":"publish","type":"product","link":"https:\/\/ebay.luba.de\/index.php\/product\/jupiter-bio-muhle-562\/","title":{"rendered":"Jupiter Bio-M\u00fchle 562"},"content":{"rendered":"<p>Die Ganzmetall-M\u00fchle aus hochwertigem Leichtmetall mit Jupiter-Mahlsystem. Sie ist schmal, kompakt gebaut und sehr einfach zu bedienen. Stufenlose Feineinstellung mit Markierung. Geeignet f\u00fcr alle Getreidesorten sowie kleinere Mengen an \u00f6lhaltigen Saaten, wie z. B. Mohn und Leinsamen. Nat\u00fcrlich ist sie leicht zu reinigen. Ideal f\u00fcr alle, die frisch gemahlenes Mehl genie\u00dfen und auf das Mahlen von \u00f6lhaltigen Saaten nicht verzichten wollen.Gewicht 1,5 kg. Ma\u00dfe: H\/B\/T ca. 19,5\/6\/16 cm.<\/p>\n","protected":false},"excerpt":{"rendered":"<p>Die Ganzmetall-M\u00fchle aus hochwertigem Leichtmetall mit Jupiter-Mahlsystem. Sie ist schmal, kompakt gebaut und sehr einfach zu bedienen. Stufenlose Feineinstellung mit Markierung. Geeignet f\u00fcr alle Getreidesorten sowie kleinere Mengen an \u00f6lhaltigen Saaten, wie z. B. Mohn und Leinsamen. Nat\u00fcrlich ist sie leicht zu reinigen. Ideal f\u00fcr alle, die frisch gemahlenes Mehl genie\u00dfen und auf das Mahlen [&hellip;]<\/p>\n","protected":false},"featured_media":15763,"comment_status":"closed","ping_status":"open","template":"","meta":[],"product_brand":[],"product_cat":[218,215],"product_tag":[],"class_list":{"0":"post-14818","1":"product","2":"type-product","3":"status-publish","4":"has-post-thumbnail","6":"product_cat-getreidemuhlen","7":"product_cat-kuchengerate-handbetrieb","9":"first","10":"outofstock","11":"taxable","12":"shipping-taxable","13":"purchasable","14":"product-type-simple"},"_links":{"self":[{"href":"https:\/\/ebay.luba.de\/index.php\/wp-json\/wp\/v2\/product\/14818","targetHints":{"allow":["GET"]}}],"collection":[{"href":"https:\/\/ebay.luba.de\/index.php\/wp-json\/wp\/v2\/product"}],"about":[{"href":"https:\/\/ebay.luba.de\/index.php\/wp-json\/wp\/v2\/types\/product"}],"replies":[{"embeddable":true,"href":"https:\/\/ebay.luba.de\/index.php\/wp-json\/wp\/v2\/comments?post=14818"}],"wp:featuredmedia":[{"embeddable":true,"href":"https:\/\/ebay.luba.de\/index.php\/wp-json\/wp\/v2\/media\/15763"}],"wp:attachment":[{"href":"https:\/\/ebay.luba.de\/index.php\/wp-json\/wp\/v2\/media?parent=14818"}],"wp:term":[{"taxonomy":"product_brand","embeddable":true,"href":"https:\/\/ebay.luba.de\/index.php\/wp-json\/wp\/v2\/product_brand?post=14818"},{"taxonomy":"product_cat","embeddable":true,"href":"https:\/\/ebay.luba.de\/index.php\/wp-json\/wp\/v2\/product_cat?post=14818"},{"taxonomy":"product_tag","embeddable":true,"href":"https:\/\/ebay.luba.de\/index.php\/wp-json\/wp\/v2\/product_tag?post=14818"}],"curies":[{"name":"wp","href":"https:\/\/api.w.org\/{rel}","templated":true}]}}