{"id":14817,"date":"2020-12-06T15:50:18","date_gmt":"2020-12-06T15:50:18","guid":{"rendered":"https:\/\/ebay.luba.de\/index.php\/product\/mohnmuhle-gehause-trichter-edelstahl-fus-blau\/"},"modified":"2023-09-11T12:51:08","modified_gmt":"2023-09-11T12:51:08","slug":"mohnmuhle-gehause-trichter-edelstahl-fus-blau","status":"publish","type":"product","link":"https:\/\/ebay.luba.de\/index.php\/product\/mohnmuhle-gehause-trichter-edelstahl-fus-blau\/","title":{"rendered":"Mohnm\u00fchle, Geh\u00e4use \/ Trichter Edelstahl, Fu\u00df blau"},"content":{"rendered":"<p>Geh\u00e4useteil und Trichter dieser Mohnquetsche sind komplett aus Edelstahl. Der Fu\u00df ist hellblau lackiert, formsch\u00f6n und praktisch, mit Tischzwinge. Mohn, Leinsamen und andere \u00f6lhaltige Saaten werden optimal gequetscht und sind daher leichter bek\u00f6mmlich. Die M\u00fchle ist bis zu einer Tischplattenst\u00e4rke von 3,5 cm zu befestigen.  Masse B\/H\/T: ca. 7\/24\/10,5 cm.<\/p>\n","protected":false},"excerpt":{"rendered":"<p>Geh\u00e4useteil und Trichter dieser Mohnquetsche sind komplett aus Edelstahl. Der Fu\u00df ist hellblau lackiert, formsch\u00f6n und praktisch, mit Tischzwinge. Mohn, Leinsamen und andere \u00f6lhaltige Saaten werden optimal gequetscht und sind daher leichter bek\u00f6mmlich. Die M\u00fchle ist bis zu einer Tischplattenst\u00e4rke von 3,5 cm zu befestigen. Masse B\/H\/T: ca. 7\/24\/10,5 cm.<\/p>\n","protected":false},"featured_media":15762,"comment_status":"closed","ping_status":"open","template":"","meta":[],"product_brand":[],"product_cat":[215,240],"product_tag":[],"class_list":{"0":"post-14817","1":"product","2":"type-product","3":"status-publish","4":"has-post-thumbnail","6":"product_cat-kuchengerate-handbetrieb","7":"product_cat-mohnmuhlen","9":"first","10":"instock","11":"taxable","12":"shipping-taxable","13":"purchasable","14":"product-type-simple"},"_links":{"self":[{"href":"https:\/\/ebay.luba.de\/index.php\/wp-json\/wp\/v2\/product\/14817","targetHints":{"allow":["GET"]}}],"collection":[{"href":"https:\/\/ebay.luba.de\/index.php\/wp-json\/wp\/v2\/product"}],"about":[{"href":"https:\/\/ebay.luba.de\/index.php\/wp-json\/wp\/v2\/types\/product"}],"replies":[{"embeddable":true,"href":"https:\/\/ebay.luba.de\/index.php\/wp-json\/wp\/v2\/comments?post=14817"}],"wp:featuredmedia":[{"embeddable":true,"href":"https:\/\/ebay.luba.de\/index.php\/wp-json\/wp\/v2\/media\/15762"}],"wp:attachment":[{"href":"https:\/\/ebay.luba.de\/index.php\/wp-json\/wp\/v2\/media?parent=14817"}],"wp:term":[{"taxonomy":"product_brand","embeddable":true,"href":"https:\/\/ebay.luba.de\/index.php\/wp-json\/wp\/v2\/product_brand?post=14817"},{"taxonomy":"product_cat","embeddable":true,"href":"https:\/\/ebay.luba.de\/index.php\/wp-json\/wp\/v2\/product_cat?post=14817"},{"taxonomy":"product_tag","embeddable":true,"href":"https:\/\/ebay.luba.de\/index.php\/wp-json\/wp\/v2\/product_tag?post=14817"}],"curies":[{"name":"wp","href":"https:\/\/api.w.org\/{rel}","templated":true}]}}