{"id":14815,"date":"2020-12-06T15:50:18","date_gmt":"2020-12-06T15:50:18","guid":{"rendered":"https:\/\/ebay.luba.de\/index.php\/product\/trichterdeckel-aus-holz-fur-handflocker113x14f90x4\/"},"modified":"2023-09-26T06:51:14","modified_gmt":"2023-09-26T06:51:14","slug":"trichterdeckel-aus-holz-fur-handflocker113x14f90x4","status":"publish","type":"product","link":"https:\/\/ebay.luba.de\/index.php\/product\/trichterdeckel-aus-holz-fur-handflocker113x14f90x4\/","title":{"rendered":"Trichterdeckel aus Holz f\u00fcr Handflocker113x14F90x4"},"content":{"rendered":"<p>Formsch\u00f6ner Deckel aus massivem Buchenholz, \u00d8 11 cm, passend zu vielen Handflockenquetschen wie z.B. auf alle Eschenfelder Kornquetschen. Mit nat\u00fcrlichem Lein\u00f6l behandelt.<\/p>\n","protected":false},"excerpt":{"rendered":"<p>Formsch\u00f6ner Deckel aus massivem Buchenholz, \u00d8 11 cm, passend zu vielen Handflockenquetschen wie z.B. auf alle Eschenfelder Kornquetschen. Mit nat\u00fcrlichem Lein\u00f6l behandelt.<\/p>\n","protected":false},"featured_media":15760,"comment_status":"closed","ping_status":"open","template":"","meta":[],"product_brand":[],"product_cat":[193],"product_tag":[],"class_list":{"0":"post-14815","1":"product","2":"type-product","3":"status-publish","4":"has-post-thumbnail","6":"product_cat-unkategorisiert","8":"first","9":"instock","10":"taxable","11":"shipping-taxable","12":"purchasable","13":"product-type-simple"},"_links":{"self":[{"href":"https:\/\/ebay.luba.de\/index.php\/wp-json\/wp\/v2\/product\/14815","targetHints":{"allow":["GET"]}}],"collection":[{"href":"https:\/\/ebay.luba.de\/index.php\/wp-json\/wp\/v2\/product"}],"about":[{"href":"https:\/\/ebay.luba.de\/index.php\/wp-json\/wp\/v2\/types\/product"}],"replies":[{"embeddable":true,"href":"https:\/\/ebay.luba.de\/index.php\/wp-json\/wp\/v2\/comments?post=14815"}],"wp:featuredmedia":[{"embeddable":true,"href":"https:\/\/ebay.luba.de\/index.php\/wp-json\/wp\/v2\/media\/15760"}],"wp:attachment":[{"href":"https:\/\/ebay.luba.de\/index.php\/wp-json\/wp\/v2\/media?parent=14815"}],"wp:term":[{"taxonomy":"product_brand","embeddable":true,"href":"https:\/\/ebay.luba.de\/index.php\/wp-json\/wp\/v2\/product_brand?post=14815"},{"taxonomy":"product_cat","embeddable":true,"href":"https:\/\/ebay.luba.de\/index.php\/wp-json\/wp\/v2\/product_cat?post=14815"},{"taxonomy":"product_tag","embeddable":true,"href":"https:\/\/ebay.luba.de\/index.php\/wp-json\/wp\/v2\/product_tag?post=14815"}],"curies":[{"name":"wp","href":"https:\/\/api.w.org\/{rel}","templated":true}]}}