{"id":14814,"date":"2020-12-06T15:50:18","date_gmt":"2020-12-06T15:50:18","guid":{"rendered":"https:\/\/ebay.luba.de\/index.php\/product\/diamant-handmuhle-d-525-mit-stahlscheiben-14-15\/"},"modified":"2023-08-07T11:51:06","modified_gmt":"2023-08-07T11:51:06","slug":"diamant-handmuhle-d-525-mit-stahlscheiben-14-15","status":"publish","type":"product","link":"https:\/\/ebay.luba.de\/index.php\/product\/diamant-handmuhle-d-525-mit-stahlscheiben-14-15\/","title":{"rendered":"Diamant Handm\u00fchle D 525 mit Stahlscheiben 14\/15"},"content":{"rendered":"<p>Die Getreidem\u00fchle f\u00fcr besonders hohe Anspr\u00fcche. Das Geh\u00e4use und der Trichter sind aus Stahlgu\u00df und gr\u00fcn lackiert. Der Kubelgriff ist aus Buchenholz. Das Schwungrad hat eine Rille f\u00fcr einen Motorantrieb mittels Keilriemen. Die Mahlscheiben in der Grundausstattung sind die mittlere Ausf\u00fchrung 14\/15 aus Stahl und somit f\u00fcr vielerlei Getreidearten und \u00f6lhaltiges Mahlgut geeignet.<\/p>\n<p>Abmessung: L\/B\/H ca. 44\/42\/32 cm, Gewicht 26kg.<\/p>\n<p>Als Zubeh\u00f6r verf\u00fcgbar:<br \/>\n&#8211; <a href=\"https:\/\/luba.de\/produkt\/diamant-stahlscheiben-paar-fein-14a-15a\/\">Stahlscheiben-Paar fein 14a\/15a<\/a><br \/>\n&#8211; <a href=\"https:\/\/luba.de\/produkt\/diamant-stahlscheiben-paar-mittel-14-15\/\">Stahlscheiben-Paar Mittel 14\/15 <\/a>(Standardm\u00e4\u00dfig bei der Diamant inklusive)<br \/>\n&#8211; <a href=\"https:\/\/luba.de\/produkt\/diamant-stahlscheiben-paar-grob-16-17\/\">Stahlscheiben-Paar grob 16\/17<\/a><\/p>\n<p>&nbsp;<\/p>\n<h3><strong>Klassische handbetriebene M\u00fchle<\/strong><\/h3>\n<p>Wer h\u00e4tte gedacht das t\u00e4gliches Mahlen von Kaffee, Getreide oder Gew\u00fcrze so viel Freude bereiten kann? Das reiche, w\u00fcrzige Aroma, das beim mahlen von frisch ger\u00f6stetem Kaffee entsteht, ist nicht weniger als erstaunlich. Das mahlen von Kaffee-, Getreide- und Gew\u00fcrzes kann nicht nur genussreich sein, sondern ist auch besonders einfach zu schaffen dank dem gro\u00dfen dreh-Radius.\u00a0 Seit 1920 sind tausende Diamant M\u00fchlen im Betrieb.\u00a0 Qualit\u00e4t der man vertrauen kann.<\/p>\n<p>&nbsp;<\/p>\n<p><strong>DIAMANT D.525 Handm\u00fchle f\u00fcr Jede Getreidesorte<\/strong><\/p>\n<p>Unsere Handm\u00fchle ist f\u00fcr das mahlen von jeder Sorte von Getreide, Korn, Kaffee, Chemikalien, Gew\u00fcrzen usw. geeignet, und mit dieser M\u00fchle werden Sie einfach frisches Vollkornmehl f\u00fcr Ihr selbstgebackenes Brot bekommen.<\/p>\n<p>&nbsp;<\/p>\n<p><strong>Die D.525 Getreidem\u00fchle ist Einfach zu Bedienen<\/strong><\/p>\n<p>Die DIAMANT D.525 wurde dazu entwickelt die Anforderungen einer kleinen handgetriebenen M\u00fchle m\u00fchelos zu erf\u00fcllen. Es ist kein Spezialwerkzeug erforderlich.<\/p>\n<p>Diese handgetriebene Getreidem\u00fchle kann f\u00fcr das mahlen von Mahlgut mit hohem Feuchtigkeitsgehalt benutzt werden, da sie ohne spezialwerkzeug leicht zu \u00f6ffnen und reinigen ist. Wegen des besonderen Forcer-F\u00fctterungswurm ist die M\u00fchle f\u00fcr das Mahlen von Mahlgut mit einem gewissen \u00d6lgehalt geeignet.<\/p>\n<p><strong>Elektrischer Motor<\/strong><\/p>\n<p>Das Schwungrad hat eine Rille f\u00fcr einen Keilriemenantrieb und kann so mit von einem elektrischen Motor betrieben werden. Wir empfehlen einen Motor mit 0.5-1PS und ca. 1400 U\/Min und einem Antribsritzel von 85 mm, womit die Rotation der Schleifscheibe etwa 300 U\/Min erreicht.<\/p>\n<p><strong>\u00a0<\/strong><\/p>\n<p><strong>Stahlmahlscheiben<\/strong><\/p>\n<p>Das Herz der M\u00fchle besteht aus speziell gegossenen und geh\u00e4rteten Mahlscheiben. Sie werden in verschiedenen Typen geliefert, abh\u00e4ngig vom Verwendungszweck. Typ 14\/15 f\u00fcr normales Mahlen,\u00a0 Typ 14a\/15a f\u00fcr feineres Mahlen und Typ 16\/17 f\u00fcr Tierfutter und Getreide.\u00a0 Bei der Diamant 525 ist das Mahlscheiben Paar 14\/15 inklusive.<\/p>\n<p><strong>Abstandsjustierung der Scheiben<\/strong><\/p>\n<p>Der Abstand zwischen den Scheiben ist justierbar, so dass die Feinheit w\u00e4hrend des Betriebes ge\u00e4ndert werden kann.<\/p>\n<p>&nbsp;<\/p>\n<p><strong>Video<\/strong><\/p>\n<p><iframe loading=\"lazy\" src=\"\/\/www.youtube.com\/embed\/BXQrNQJ8lyc?feature=emb_title\" width=\"560\" height=\"314\" allowfullscreen=\"allowfullscreen\"><\/iframe><\/p>\n","protected":false},"excerpt":{"rendered":"<p>Die Getreidem\u00fchle f\u00fcr besonders hohe Anspr\u00fcche. Das Geh\u00e4use und der Trichter sind aus Stahlgu\u00df und gr\u00fcn lackiert. Der Kubelgriff ist aus Buchenholz. Das Schwungrad hat eine Rille f\u00fcr einen Motorantrieb mittels Keilriemen. Die Mahlscheiben in der Grundausstattung sind die mittlere Ausf\u00fchrung 14\/15 aus Stahl und somit f\u00fcr vielerlei Getreidearten und \u00f6lhaltiges Mahlgut geeignet. Abmessung: L\/B\/H [&hellip;]<\/p>\n","protected":false},"featured_media":15759,"comment_status":"closed","ping_status":"closed","template":"","meta":[],"product_brand":[],"product_cat":[218,215],"product_tag":[],"class_list":{"0":"post-14814","1":"product","2":"type-product","3":"status-publish","4":"has-post-thumbnail","6":"product_cat-getreidemuhlen","7":"product_cat-kuchengerate-handbetrieb","9":"first","10":"instock","11":"taxable","12":"shipping-taxable","13":"purchasable","14":"product-type-simple"},"_links":{"self":[{"href":"https:\/\/ebay.luba.de\/index.php\/wp-json\/wp\/v2\/product\/14814","targetHints":{"allow":["GET"]}}],"collection":[{"href":"https:\/\/ebay.luba.de\/index.php\/wp-json\/wp\/v2\/product"}],"about":[{"href":"https:\/\/ebay.luba.de\/index.php\/wp-json\/wp\/v2\/types\/product"}],"replies":[{"embeddable":true,"href":"https:\/\/ebay.luba.de\/index.php\/wp-json\/wp\/v2\/comments?post=14814"}],"wp:featuredmedia":[{"embeddable":true,"href":"https:\/\/ebay.luba.de\/index.php\/wp-json\/wp\/v2\/media\/15759"}],"wp:attachment":[{"href":"https:\/\/ebay.luba.de\/index.php\/wp-json\/wp\/v2\/media?parent=14814"}],"wp:term":[{"taxonomy":"product_brand","embeddable":true,"href":"https:\/\/ebay.luba.de\/index.php\/wp-json\/wp\/v2\/product_brand?post=14814"},{"taxonomy":"product_cat","embeddable":true,"href":"https:\/\/ebay.luba.de\/index.php\/wp-json\/wp\/v2\/product_cat?post=14814"},{"taxonomy":"product_tag","embeddable":true,"href":"https:\/\/ebay.luba.de\/index.php\/wp-json\/wp\/v2\/product_tag?post=14814"}],"curies":[{"name":"wp","href":"https:\/\/api.w.org\/{rel}","templated":true}]}}