{"id":14809,"date":"2020-12-06T15:50:18","date_gmt":"2020-12-06T15:50:18","guid":{"rendered":"https:\/\/ebay.luba.de\/index.php\/product\/zyliss-knoblauchpresse-antihaftbeschichtet\/"},"modified":"2023-09-26T06:51:14","modified_gmt":"2023-09-26T06:51:14","slug":"zyliss-knoblauchpresse-antihaftbeschichtet","status":"publish","type":"product","link":"https:\/\/ebay.luba.de\/index.php\/product\/zyliss-knoblauchpresse-antihaftbeschichtet\/","title":{"rendered":"Zyliss Knoblauchpresse antihaftbeschichtet"},"content":{"rendered":"<p>Presst auch ungesch\u00e4lten Knoblauch! Vorz\u00fcglich geeignet f\u00fcr extra gro\u00dfe Knoblauchzehen.<\/p>\n","protected":false},"excerpt":{"rendered":"<p>Presst auch ungesch\u00e4lten Knoblauch! Vorz\u00fcglich geeignet f\u00fcr extra gro\u00dfe Knoblauchzehen.<\/p>\n","protected":false},"featured_media":15754,"comment_status":"closed","ping_status":"open","template":"","meta":[],"product_brand":[],"product_cat":[199,220,221],"product_tag":[],"class_list":{"0":"post-14809","1":"product","2":"type-product","3":"status-publish","4":"has-post-thumbnail","6":"product_cat-kuchenhelfer","7":"product_cat-reiben-und-hobel","8":"product_cat-trommelreiben","10":"first","11":"instock","12":"taxable","13":"shipping-taxable","14":"purchasable","15":"product-type-simple"},"_links":{"self":[{"href":"https:\/\/ebay.luba.de\/index.php\/wp-json\/wp\/v2\/product\/14809","targetHints":{"allow":["GET"]}}],"collection":[{"href":"https:\/\/ebay.luba.de\/index.php\/wp-json\/wp\/v2\/product"}],"about":[{"href":"https:\/\/ebay.luba.de\/index.php\/wp-json\/wp\/v2\/types\/product"}],"replies":[{"embeddable":true,"href":"https:\/\/ebay.luba.de\/index.php\/wp-json\/wp\/v2\/comments?post=14809"}],"wp:featuredmedia":[{"embeddable":true,"href":"https:\/\/ebay.luba.de\/index.php\/wp-json\/wp\/v2\/media\/15754"}],"wp:attachment":[{"href":"https:\/\/ebay.luba.de\/index.php\/wp-json\/wp\/v2\/media?parent=14809"}],"wp:term":[{"taxonomy":"product_brand","embeddable":true,"href":"https:\/\/ebay.luba.de\/index.php\/wp-json\/wp\/v2\/product_brand?post=14809"},{"taxonomy":"product_cat","embeddable":true,"href":"https:\/\/ebay.luba.de\/index.php\/wp-json\/wp\/v2\/product_cat?post=14809"},{"taxonomy":"product_tag","embeddable":true,"href":"https:\/\/ebay.luba.de\/index.php\/wp-json\/wp\/v2\/product_tag?post=14809"}],"curies":[{"name":"wp","href":"https:\/\/api.w.org\/{rel}","templated":true}]}}