{"id":14808,"date":"2020-12-06T15:50:18","date_gmt":"2020-12-06T15:50:18","guid":{"rendered":"https:\/\/ebay.luba.de\/index.php\/product\/zyliss-trommelreibe-mit-4-trommeln-1-2-3-4\/"},"modified":"2023-07-31T10:51:12","modified_gmt":"2023-07-31T10:51:12","slug":"zyliss-trommelreibe-mit-4-trommeln-1-2-3-4","status":"publish","type":"product","link":"https:\/\/ebay.luba.de\/index.php\/product\/zyliss-trommelreibe-mit-4-trommeln-1-2-3-4\/","title":{"rendered":"Zyliss Trommelreibe mit 4 Trommeln (1, 2, 3, 4)"},"content":{"rendered":"<p>Zyliss Aluminium-Trommelreibe mit 4 Trommeln. Sie ist mit Saugnapf-Standfu\u00df, alternativ mit Zwinge zu befestigen. Einfach zu wechselnde, messerscharfe Trommeleins\u00e4tze f\u00fcr alle Anwendungsgebiete. F\u00fcr Rohkost, N\u00fcsse f\u00fcr Kuchen , K\u00e4se oder Babynahrung etc. Der Trommeldurchmesser ist 75 mmm. Ma\u00dfe H x B x T: 15 x 13 x 24,5 cm.<\/p>\n","protected":false},"excerpt":{"rendered":"<p>Zyliss Aluminium-Trommelreibe mit 4 Trommeln. Sie ist mit Saugnapf-Standfu\u00df, alternativ mit Zwinge zu befestigen. Einfach zu wechselnde, messerscharfe Trommeleins\u00e4tze f\u00fcr alle Anwendungsgebiete. F\u00fcr Rohkost, N\u00fcsse f\u00fcr Kuchen , K\u00e4se oder Babynahrung etc. Der Trommeldurchmesser ist 75 mmm. Ma\u00dfe H x B x T: 15 x 13 x 24,5 cm.<\/p>\n","protected":false},"featured_media":15753,"comment_status":"closed","ping_status":"open","template":"","meta":[],"product_brand":[],"product_cat":[199,220,221],"product_tag":[],"class_list":{"0":"post-14808","1":"product","2":"type-product","3":"status-publish","4":"has-post-thumbnail","6":"product_cat-kuchenhelfer","7":"product_cat-reiben-und-hobel","8":"product_cat-trommelreiben","10":"first","11":"instock","12":"taxable","13":"shipping-taxable","14":"purchasable","15":"product-type-simple"},"_links":{"self":[{"href":"https:\/\/ebay.luba.de\/index.php\/wp-json\/wp\/v2\/product\/14808","targetHints":{"allow":["GET"]}}],"collection":[{"href":"https:\/\/ebay.luba.de\/index.php\/wp-json\/wp\/v2\/product"}],"about":[{"href":"https:\/\/ebay.luba.de\/index.php\/wp-json\/wp\/v2\/types\/product"}],"replies":[{"embeddable":true,"href":"https:\/\/ebay.luba.de\/index.php\/wp-json\/wp\/v2\/comments?post=14808"}],"wp:featuredmedia":[{"embeddable":true,"href":"https:\/\/ebay.luba.de\/index.php\/wp-json\/wp\/v2\/media\/15753"}],"wp:attachment":[{"href":"https:\/\/ebay.luba.de\/index.php\/wp-json\/wp\/v2\/media?parent=14808"}],"wp:term":[{"taxonomy":"product_brand","embeddable":true,"href":"https:\/\/ebay.luba.de\/index.php\/wp-json\/wp\/v2\/product_brand?post=14808"},{"taxonomy":"product_cat","embeddable":true,"href":"https:\/\/ebay.luba.de\/index.php\/wp-json\/wp\/v2\/product_cat?post=14808"},{"taxonomy":"product_tag","embeddable":true,"href":"https:\/\/ebay.luba.de\/index.php\/wp-json\/wp\/v2\/product_tag?post=14808"}],"curies":[{"name":"wp","href":"https:\/\/api.w.org\/{rel}","templated":true}]}}